{"id":941,"date":"2022-03-08T17:37:28","date_gmt":"2022-03-08T16:37:28","guid":{"rendered":"https:\/\/www.souillacenjazz.fr\/new\/?page_id=941"},"modified":"2024-12-15T23:02:31","modified_gmt":"2024-12-15T22:02:31","slug":"les-festivals","status":"publish","type":"page","link":"https:\/\/www.souillacenjazz.fr\/new\/autour-du-festival\/les-festivals\/","title":{"rendered":"Les Festivals du LOT"},"content":{"rendered":"\n<p>Le Lot est riche de nombreux festivals, anim\u00e9s par des b\u00e9n\u00e9voles et des passionn\u00e9s. Faites-votre choix, faites-vous plaisir.<\/p>\n\n\n\n<figure class=\"wp-block-image alignwide size-large\"><img loading=\"lazy\" decoding=\"async\" width=\"1024\" height=\"374\" src=\"http:\/\/www.souillacenjazz.fr\/new\/wp-content\/uploads\/2022\/03\/party-people-enjoy-concert-at-festival-summer-mus-2021-08-27-09-58-48-utc-1024x374.jpg\" alt=\"\" class=\"wp-image-946\" srcset=\"https:\/\/www.souillacenjazz.fr\/new\/wp-content\/uploads\/2022\/03\/party-people-enjoy-concert-at-festival-summer-mus-2021-08-27-09-58-48-utc-1024x374.jpg 1024w, https:\/\/www.souillacenjazz.fr\/new\/wp-content\/uploads\/2022\/03\/party-people-enjoy-concert-at-festival-summer-mus-2021-08-27-09-58-48-utc-300x110.jpg 300w, https:\/\/www.souillacenjazz.fr\/new\/wp-content\/uploads\/2022\/03\/party-people-enjoy-concert-at-festival-summer-mus-2021-08-27-09-58-48-utc-768x281.jpg 768w, https:\/\/www.souillacenjazz.fr\/new\/wp-content\/uploads\/2022\/03\/party-people-enjoy-concert-at-festival-summer-mus-2021-08-27-09-58-48-utc-1536x561.jpg 1536w, https:\/\/www.souillacenjazz.fr\/new\/wp-content\/uploads\/2022\/03\/party-people-enjoy-concert-at-festival-summer-mus-2021-08-27-09-58-48-utc-2048x749.jpg 2048w\" sizes=\"auto, (max-width: 1024px) 100vw, 1024px\" \/><\/figure>\n\n\n\n<div class=\"wp-block-columns has-black-color has-white-background-color has-text-color has-background is-layout-flex wp-container-core-columns-is-layout-9d6595d7 wp-block-columns-is-layout-flex\">\n<div class=\"wp-block-column is-layout-flow wp-block-column-is-layout-flow\">\n<div class=\"wp-block-media-text alignwide is-stacked-on-mobile\" style=\"grid-template-columns:23% auto\"><figure class=\"wp-block-media-text__media\"><a href=\"https:\/\/www.cahorsbluesfestival.com\" target=\"_blank\" rel=\" noreferrer noopener\"><img loading=\"lazy\" decoding=\"async\" width=\"210\" height=\"314\" src=\"https:\/\/www.souillacenjazz.fr\/new\/wp-content\/uploads\/2022\/03\/logo_2022-205w.webp\" alt=\"\" class=\"wp-image-942 size-full\"\/><\/a><\/figure><div class=\"wp-block-media-text__content\">\n<p class=\"has-small-font-size\"><strong>Le Cahors Blues Festival<\/strong><\/p>\n\n\n\n<p class=\"has-small-font-size\"><\/p>\n<\/div><\/div>\n\n\n\n<div class=\"wp-block-media-text alignwide is-stacked-on-mobile\" style=\"grid-template-columns:30% auto\"><figure class=\"wp-block-media-text__media\"><a href=\"http:\/\/www.gindoucinema.org\/\" target=\"_blank\" rel=\" noreferrer noopener\"><img loading=\"lazy\" decoding=\"async\" width=\"127\" height=\"127\" src=\"https:\/\/www.souillacenjazz.fr\/new\/wp-content\/uploads\/2022\/03\/Logo_Gindou_couleurs_ukraine_3.png\" alt=\"\" class=\"wp-image-959 size-full\"\/><\/a><\/figure><div class=\"wp-block-media-text__content\">\n<p class=\"has-small-font-size\"><strong>Festival du cin\u00e9ma Gindou<\/strong><\/p>\n\n\n\n<p class=\"has-small-font-size\"><\/p>\n<\/div><\/div>\n\n\n\n<div class=\"wp-block-media-text alignwide is-stacked-on-mobile\" style=\"grid-template-columns:47% auto\"><figure class=\"wp-block-media-text__media\"><a href=\"https:\/\/www.rocamadourfestival.com\/\" target=\"_blank\" rel=\" noreferrer noopener\"><img loading=\"lazy\" decoding=\"async\" width=\"1024\" height=\"512\" src=\"https:\/\/www.souillacenjazz.fr\/new\/wp-content\/uploads\/2022\/12\/cropped-LOGO_FestivalROCAMADOUR_imprimerie-1-1-1024x512.jpg\" alt=\"\" class=\"wp-image-3276 size-full\" srcset=\"https:\/\/www.souillacenjazz.fr\/new\/wp-content\/uploads\/2022\/12\/cropped-LOGO_FestivalROCAMADOUR_imprimerie-1-1-1024x512.jpg 1024w, https:\/\/www.souillacenjazz.fr\/new\/wp-content\/uploads\/2022\/12\/cropped-LOGO_FestivalROCAMADOUR_imprimerie-1-1-300x150.jpg 300w, https:\/\/www.souillacenjazz.fr\/new\/wp-content\/uploads\/2022\/12\/cropped-LOGO_FestivalROCAMADOUR_imprimerie-1-1-768x384.jpg 768w, https:\/\/www.souillacenjazz.fr\/new\/wp-content\/uploads\/2022\/12\/cropped-LOGO_FestivalROCAMADOUR_imprimerie-1-1-500x250.jpg 500w, https:\/\/www.souillacenjazz.fr\/new\/wp-content\/uploads\/2022\/12\/cropped-LOGO_FestivalROCAMADOUR_imprimerie-1-1-800x400.jpg 800w, https:\/\/www.souillacenjazz.fr\/new\/wp-content\/uploads\/2022\/12\/cropped-LOGO_FestivalROCAMADOUR_imprimerie-1-1-1280x640.jpg 1280w, https:\/\/www.souillacenjazz.fr\/new\/wp-content\/uploads\/2022\/12\/cropped-LOGO_FestivalROCAMADOUR_imprimerie-1-1.jpg 1500w\" sizes=\"auto, (max-width: 1024px) 100vw, 1024px\" \/><\/a><\/figure><div class=\"wp-block-media-text__content\">\n<p class=\"has-small-font-size\"><strong>Festival de musique Sacr\u00e9e de Rocamadour<\/strong><br><\/p>\n<\/div><\/div>\n\n\n\n<div class=\"wp-block-media-text alignwide is-stacked-on-mobile\" style=\"grid-template-columns:39% auto\"><figure class=\"wp-block-media-text__media\"><a href=\"https:\/\/scenograph.fr\/\" target=\"_blank\" rel=\" noreferrer noopener\"><img loading=\"lazy\" decoding=\"async\" width=\"592\" height=\"670\" src=\"https:\/\/www.souillacenjazz.fr\/new\/wp-content\/uploads\/2022\/12\/LogoDrapeau-SCENO-1.jpg\" alt=\"\" class=\"wp-image-3280 size-full\" srcset=\"https:\/\/www.souillacenjazz.fr\/new\/wp-content\/uploads\/2022\/12\/LogoDrapeau-SCENO-1.jpg 592w, https:\/\/www.souillacenjazz.fr\/new\/wp-content\/uploads\/2022\/12\/LogoDrapeau-SCENO-1-265x300.jpg 265w, https:\/\/www.souillacenjazz.fr\/new\/wp-content\/uploads\/2022\/12\/LogoDrapeau-SCENO-1-500x566.jpg 500w\" sizes=\"auto, (max-width: 592px) 100vw, 592px\" \/><\/a><\/figure><div class=\"wp-block-media-text__content\"><div class=\"wp-block-image\">\n<figure class=\"aligncenter\"><a href=\"https:\/\/theatredelusine-saintcere.com\/\" target=\"_blank\" rel=\"noreferrer noopener\"><img decoding=\"async\" src=\"https:\/\/scenograph.fr\/wp-content\/uploads\/sites\/7\/2020\/01\/ic-saint-cere-festival-02.png\" alt=\"TH\u00c9\u00c2TRE DE L\u2019USINE SAINT-C\u00c9R\u00c9\" class=\"wp-image-1182\"\/><\/a><\/figure>\n<\/div>\n\n<div class=\"wp-block-image\">\n<figure class=\"aligncenter\"><a href=\"https:\/\/festival-saint-cere.com\/\" target=\"_blank\" rel=\"noreferrer noopener\"><img decoding=\"async\" src=\"https:\/\/scenograph.fr\/wp-content\/uploads\/sites\/7\/2020\/01\/festival-opera-saint-cere.png\" alt=\"FESTIVAL D\u2019OP\u00c9RA DE SAINT-C\u00c9R\u00c9\" class=\"wp-image-1187\"\/><\/a><\/figure>\n<\/div>\n\n<div class=\"wp-block-image\">\n<figure class=\"aligncenter is-resized\"><a href=\"https:\/\/festivaltheatre-figeac.com\/\" target=\"_blank\" rel=\"noreferrer noopener\"><img decoding=\"async\" src=\"https:\/\/scenograph.fr\/wp-content\/uploads\/sites\/7\/2020\/01\/festival-theatre-figeac-01.png\" alt=\"FESTIVAL DE TH\u00c9\u00c2TRE DE FIGEAC\" class=\"wp-image-1189\" style=\"width:184px;height:38px\"\/><\/a><\/figure>\n<\/div><\/div><\/div>\n<\/div>\n\n\n\n<div class=\"wp-block-column is-layout-flow wp-block-column-is-layout-flow\">\n<div class=\"wp-block-media-text alignwide is-stacked-on-mobile\" style=\"grid-template-columns:35% auto\"><figure class=\"wp-block-media-text__media\"><a href=\"https:\/\/www.ecaussysteme.com\/\" target=\"_blank\" rel=\" noreferrer noopener\"><img loading=\"lazy\" decoding=\"async\" width=\"300\" height=\"227\" src=\"https:\/\/www.souillacenjazz.fr\/new\/wp-content\/uploads\/2022\/03\/logo-2022-2.png\" alt=\"\" class=\"wp-image-944 size-full\"\/><\/a><\/figure><div class=\"wp-block-media-text__content\">\n<p class=\"has-small-font-size\"><strong>Ecaussyst\u00e8me<\/strong><\/p>\n\n\n\n<p class=\"has-small-font-size\"><\/p>\n<\/div><\/div>\n\n\n\n<div class=\"wp-block-media-text alignwide is-stacked-on-mobile\" style=\"grid-template-columns:35% auto\"><figure class=\"wp-block-media-text__media\"><a href=\"https:\/\/www.africajarc.com\" target=\"_blank\" rel=\" noreferrer noopener\"><img loading=\"lazy\" decoding=\"async\" width=\"400\" height=\"400\" src=\"https:\/\/www.souillacenjazz.fr\/new\/wp-content\/uploads\/2022\/03\/8dwgmJYC_400x400.jpg\" alt=\"\" class=\"wp-image-945 size-full\" srcset=\"https:\/\/www.souillacenjazz.fr\/new\/wp-content\/uploads\/2022\/03\/8dwgmJYC_400x400.jpg 400w, https:\/\/www.souillacenjazz.fr\/new\/wp-content\/uploads\/2022\/03\/8dwgmJYC_400x400-300x300.jpg 300w, https:\/\/www.souillacenjazz.fr\/new\/wp-content\/uploads\/2022\/03\/8dwgmJYC_400x400-150x150.jpg 150w\" sizes=\"auto, (max-width: 400px) 100vw, 400px\" \/><\/a><\/figure><div class=\"wp-block-media-text__content\">\n<p class=\"has-small-font-size\"><strong>Africajarc<\/strong><\/p>\n\n\n\n<p class=\"has-small-font-size\"><\/p>\n<\/div><\/div>\n\n\n\n<div class=\"wp-block-media-text alignwide is-stacked-on-mobile\" style=\"grid-template-columns:28% auto\"><figure class=\"wp-block-media-text__media\"><a href=\"https:\/\/www.belaye-violoncelle.fr\/\" target=\"_blank\" rel=\" noreferrer noopener\"><img loading=\"lazy\" decoding=\"async\" width=\"319\" height=\"376\" src=\"https:\/\/www.souillacenjazz.fr\/new\/wp-content\/uploads\/2022\/03\/Logo-violoncelle.png\" alt=\"\" class=\"wp-image-955 size-full\" srcset=\"https:\/\/www.souillacenjazz.fr\/new\/wp-content\/uploads\/2022\/03\/Logo-violoncelle.png 319w, https:\/\/www.souillacenjazz.fr\/new\/wp-content\/uploads\/2022\/03\/Logo-violoncelle-255x300.png 255w\" sizes=\"auto, (max-width: 319px) 100vw, 319px\" \/><\/a><\/figure><div class=\"wp-block-media-text__content\">\n<p class=\"has-small-font-size\"><strong>Rencontres de Violoncelle de B\u00e9laye<\/strong><\/p>\n\n\n\n<p class=\"has-small-font-size\"><\/p>\n<\/div><\/div>\n\n\n\n<div class=\"wp-block-media-text alignwide is-stacked-on-mobile\" style=\"grid-template-columns:39% auto\"><figure class=\"wp-block-media-text__media\"><a href=\"https:\/\/www.festival-de-jazz-figeac.fr\/\" target=\"_blank\" rel=\"noreferrer noopener\"><img loading=\"lazy\" decoding=\"async\" width=\"1024\" height=\"397\" src=\"https:\/\/www.souillacenjazz.fr\/new\/wp-content\/uploads\/2024\/02\/logo-fijazz-hd3-1024x397.png\" alt=\"\" class=\"wp-image-4731 size-full\" srcset=\"https:\/\/www.souillacenjazz.fr\/new\/wp-content\/uploads\/2024\/02\/logo-fijazz-hd3-1024x397.png 1024w, https:\/\/www.souillacenjazz.fr\/new\/wp-content\/uploads\/2024\/02\/logo-fijazz-hd3-300x116.png 300w, https:\/\/www.souillacenjazz.fr\/new\/wp-content\/uploads\/2024\/02\/logo-fijazz-hd3-768x298.png 768w, https:\/\/www.souillacenjazz.fr\/new\/wp-content\/uploads\/2024\/02\/logo-fijazz-hd3-1536x596.png 1536w, https:\/\/www.souillacenjazz.fr\/new\/wp-content\/uploads\/2024\/02\/logo-fijazz-hd3-500x194.png 500w, https:\/\/www.souillacenjazz.fr\/new\/wp-content\/uploads\/2024\/02\/logo-fijazz-hd3-800x310.png 800w, https:\/\/www.souillacenjazz.fr\/new\/wp-content\/uploads\/2024\/02\/logo-fijazz-hd3-1280x496.png 1280w, https:\/\/www.souillacenjazz.fr\/new\/wp-content\/uploads\/2024\/02\/logo-fijazz-hd3-1920x745.png 1920w\" sizes=\"auto, (max-width: 1024px) 100vw, 1024px\" \/><\/a><\/figure><div class=\"wp-block-media-text__content\">\n<p class=\"has-small-font-size\"><strong>Figeac en jazz<\/strong><\/p>\n\n\n\n<p class=\"has-small-font-size\"><\/p>\n<\/div><\/div>\n<\/div>\n<\/div>\n","protected":false},"excerpt":{"rendered":"<p>Le Lot est riche de nombreux festivals, anim\u00e9s par des b\u00e9n\u00e9voles et des passionn\u00e9s. Faites-votre choix, faites-vous plaisir.<\/p>\n","protected":false},"author":1,"featured_media":946,"parent":730,"menu_order":0,"comment_status":"closed","ping_status":"closed","template":"","meta":{"om_disable_all_campaigns":false,"cybocfi_hide_featured_image":"","_vp_format_video_url":"","_vp_image_focal_point":[],"footnotes":""},"class_list":["post-941","page","type-page","status-publish","has-post-thumbnail","hentry"],"_links":{"self":[{"href":"https:\/\/www.souillacenjazz.fr\/new\/wp-json\/wp\/v2\/pages\/941","targetHints":{"allow":["GET"]}}],"collection":[{"href":"https:\/\/www.souillacenjazz.fr\/new\/wp-json\/wp\/v2\/pages"}],"about":[{"href":"https:\/\/www.souillacenjazz.fr\/new\/wp-json\/wp\/v2\/types\/page"}],"author":[{"embeddable":true,"href":"https:\/\/www.souillacenjazz.fr\/new\/wp-json\/wp\/v2\/users\/1"}],"replies":[{"embeddable":true,"href":"https:\/\/www.souillacenjazz.fr\/new\/wp-json\/wp\/v2\/comments?post=941"}],"version-history":[{"count":24,"href":"https:\/\/www.souillacenjazz.fr\/new\/wp-json\/wp\/v2\/pages\/941\/revisions"}],"predecessor-version":[{"id":5182,"href":"https:\/\/www.souillacenjazz.fr\/new\/wp-json\/wp\/v2\/pages\/941\/revisions\/5182"}],"up":[{"embeddable":true,"href":"https:\/\/www.souillacenjazz.fr\/new\/wp-json\/wp\/v2\/pages\/730"}],"wp:featuredmedia":[{"embeddable":true,"href":"https:\/\/www.souillacenjazz.fr\/new\/wp-json\/wp\/v2\/media\/946"}],"wp:attachment":[{"href":"https:\/\/www.souillacenjazz.fr\/new\/wp-json\/wp\/v2\/media?parent=941"}],"curies":[{"name":"wp","href":"https:\/\/api.w.org\/{rel}","templated":true}]}}