{"id":937,"date":"2022-03-08T16:32:10","date_gmt":"2022-03-08T15:32:10","guid":{"rendered":"https:\/\/www.souillacenjazz.fr\/new\/?page_id=937"},"modified":"2022-10-10T18:05:38","modified_gmt":"2022-10-10T16:05:38","slug":"le-developpement-durable-a-souillac-en-jazz","status":"publish","type":"page","link":"https:\/\/www.souillacenjazz.fr\/new\/autour-du-festival\/lassociation\/le-developpement-durable-a-souillac-en-jazz\/","title":{"rendered":"Le d\u00e9veloppement durable \u00e0 Souillac en jazz"},"content":{"rendered":"\n<p><strong>Le Festival de jazz &#8220;Sim Copans&#8221; de Souillac s&#8217;est engag\u00e9 depuis de longues ann\u00e9es pour le d\u00e9veloppement durable<\/strong>.<\/p>\n\n\n\n<p><strong>Quelques exemples :<\/strong><\/p>\n\n\n\n<div class=\"wp-block-kadence-image kb-image_ac2cdb-37\"><figure class=\"alignleft size-medium\"><a href=\"https:\/\/www.souillacenjazz.fr\/new\/wp-content\/uploads\/2022\/03\/1326623468.jpg\" class=\"kb-advanced-image-link\"><img loading=\"lazy\" decoding=\"async\" width=\"300\" height=\"214\" src=\"https:\/\/www.souillacenjazz.fr\/new\/wp-content\/uploads\/2022\/03\/1326623468-300x214.jpg\" alt=\"\" class=\"kb-img wp-image-938\" srcset=\"https:\/\/www.souillacenjazz.fr\/new\/wp-content\/uploads\/2022\/03\/1326623468-300x214.jpg 300w, https:\/\/www.souillacenjazz.fr\/new\/wp-content\/uploads\/2022\/03\/1326623468-768x547.jpg 768w, https:\/\/www.souillacenjazz.fr\/new\/wp-content\/uploads\/2022\/03\/1326623468.jpg 843w\" sizes=\"auto, (max-width: 300px) 100vw, 300px\" \/><\/a><\/figure><\/div>\n\n\n\n<p>&#8211; dans le champ social, ce sont des invitations aux concerts remises au CCAS de Souillac pour des b\u00e9n\u00e9ficiaires d&#8217;aide sociale, l&#8217;acc\u00e8s des b\u00e9n\u00e9ficiaires de minima sociaux aux concerts \u00e0 tarif r\u00e9duit, la remise de CD \u00e0 No\u00ebl aux associations caritatives, un partenariat avec l&#8217;association Culture du coeur, plus de trente concerts gratuits pendant le festival, du travail confi\u00e9 \u00e0 l&#8217;association Emploi services de Gramat, ainsi qu&#8217;au chantier d&#8217;insertion APIE de Souillac, la participation d&#8217;un orchestre au logement-foyer et \u00e0 l&#8217;EHPAD de Souillac, l&#8217;\u00e9dition de notre programme en braille &#8230;<\/p>\n\n\n\n<p>&#8211; dans le champ \u00e9conomique, nous favorisons le d\u00e9veloppement de l&#8217;\u00e9conomie locale, nous proposons un stand de caf\u00e9 \u00e9quitable dans l&#8217;enceinte du festival &#8230;<\/p>\n\n\n\n<p>&#8211; dans le champ \u00e9cologique, ce sont l&#8217;utilisation de papiers issus de for\u00eats g\u00e9r\u00e9es durablement, d&#8217;encres respectueuses de l&#8217;environnement, du travail donn\u00e9 \u00e0 un imprimeur labellis\u00e9, l&#8217;utilisation de lampes \u00e0 arc et iodures pour diminuer la puissance consomm\u00e9e &#8230;<\/p>\n","protected":false},"excerpt":{"rendered":"<p>Le Festival de jazz &#8220;Sim Copans&#8221; de Souillac s&#8217;est engag\u00e9 depuis de longues ann\u00e9es pour le d\u00e9veloppement durable.<\/p>\n","protected":false},"author":1,"featured_media":938,"parent":732,"menu_order":0,"comment_status":"closed","ping_status":"closed","template":"","meta":{"om_disable_all_campaigns":false,"cybocfi_hide_featured_image":"","_vp_format_video_url":"","_vp_image_focal_point":[],"footnotes":""},"class_list":["post-937","page","type-page","status-publish","has-post-thumbnail","hentry"],"_links":{"self":[{"href":"https:\/\/www.souillacenjazz.fr\/new\/wp-json\/wp\/v2\/pages\/937","targetHints":{"allow":["GET"]}}],"collection":[{"href":"https:\/\/www.souillacenjazz.fr\/new\/wp-json\/wp\/v2\/pages"}],"about":[{"href":"https:\/\/www.souillacenjazz.fr\/new\/wp-json\/wp\/v2\/types\/page"}],"author":[{"embeddable":true,"href":"https:\/\/www.souillacenjazz.fr\/new\/wp-json\/wp\/v2\/users\/1"}],"replies":[{"embeddable":true,"href":"https:\/\/www.souillacenjazz.fr\/new\/wp-json\/wp\/v2\/comments?post=937"}],"version-history":[{"count":3,"href":"https:\/\/www.souillacenjazz.fr\/new\/wp-json\/wp\/v2\/pages\/937\/revisions"}],"predecessor-version":[{"id":3037,"href":"https:\/\/www.souillacenjazz.fr\/new\/wp-json\/wp\/v2\/pages\/937\/revisions\/3037"}],"up":[{"embeddable":true,"href":"https:\/\/www.souillacenjazz.fr\/new\/wp-json\/wp\/v2\/pages\/732"}],"wp:featuredmedia":[{"embeddable":true,"href":"https:\/\/www.souillacenjazz.fr\/new\/wp-json\/wp\/v2\/media\/938"}],"wp:attachment":[{"href":"https:\/\/www.souillacenjazz.fr\/new\/wp-json\/wp\/v2\/media?parent=937"}],"curies":[{"name":"wp","href":"https:\/\/api.w.org\/{rel}","templated":true}]}}