{"id":530,"date":"2022-02-28T18:58:14","date_gmt":"2022-02-28T17:58:14","guid":{"rendered":"https:\/\/www.souillacenjazz.fr\/new\/?page_id=530"},"modified":"2022-03-01T12:01:18","modified_gmt":"2022-03-01T11:01:18","slug":"histoires-deloges","status":"publish","type":"page","link":"https:\/\/www.souillacenjazz.fr\/new\/boutique\/histoires-deloges\/","title":{"rendered":"Histoires d&#8217;\u00e9loges"},"content":{"rendered":"\n<div class=\"wp-block-image\"><figure class=\"alignleft size-full\"><img loading=\"lazy\" decoding=\"async\" width=\"324\" height=\"466\" src=\"https:\/\/www.souillacenjazz.fr\/new\/wp-content\/uploads\/2022\/02\/1328114845.jpg\" alt=\"\" class=\"wp-image-531\" srcset=\"https:\/\/www.souillacenjazz.fr\/new\/wp-content\/uploads\/2022\/02\/1328114845.jpg 324w, https:\/\/www.souillacenjazz.fr\/new\/wp-content\/uploads\/2022\/02\/1328114845-209x300.jpg 209w\" sizes=\"auto, (max-width: 324px) 100vw, 324px\" \/><\/figure><\/div>\n\n\n\n<p>Histoires d&#8217;Eloges nous fait p\u00e9n\u00e9trer dans les coulisses de Souillac en Jazz,<br>sous la plume de Robert Peyrillou * directeur artistique du festival et qu&#8217;illustre Bernard Delfraissy, photographe de talent qui couvre le festival depuis plus de 30 ans.<br><em>\u00ab Le jazz sous les \u00e9toiles, r\u00eaves d\u2019une nuit d\u2019\u00e9t\u00e9 \u00e0 Souillac,\u2026, telle que les \u00e9voque Robert Peyrillou dans ses Histoires d\u2019\u00e9loges petit livre effusif paru tout \u00e0 point pour l\u2019\u00e9dition 2008 de son festival. Une sorte de Je me souviens o\u00f9 passent les nobles figures d\u2019Ahmad Jamal, Abbey Lincoln, Art Blakey, Michel Petrucciani ou Eddy Louiss\u2026 \u00bb<\/em><\/p>\n\n\n\n<p>Michel Boujut Jazz Magazine septembre 2008<\/p>\n\n\n\n<p>parution juillet 2008 \u00e9ditions Association pour le festival Sim Copans<\/p>\n\n\n\n<p>prix: 5 euros plus frais d&#8217;envoi 1,45 euros soit au total 6,45 euros<\/p>\n\n\n\n<p>adresser un ch\u00e8que de 6,45 euros \u00e0 Souillac en Jazz BP 10016 &#8211; 46200 Souillac<\/p>\n","protected":false},"excerpt":{"rendered":"<p>Histoires d&#8217;Eloges nous fait p\u00e9n\u00e9trer dans les coulisses de Souillac en Jazz,<br \/>\nsous la plume de Robert Peyrillou * directeur artistique du festival et qu&#8217;illustre Bernard Delfraissy, photographe de talent qui couvre le festival depuis plus de 30 ans.<\/p>\n","protected":false},"author":1,"featured_media":531,"parent":528,"menu_order":0,"comment_status":"closed","ping_status":"closed","template":"","meta":{"om_disable_all_campaigns":false,"cybocfi_hide_featured_image":"","_vp_format_video_url":"","_vp_image_focal_point":[],"footnotes":""},"class_list":["post-530","page","type-page","status-publish","has-post-thumbnail","hentry"],"_links":{"self":[{"href":"https:\/\/www.souillacenjazz.fr\/new\/wp-json\/wp\/v2\/pages\/530","targetHints":{"allow":["GET"]}}],"collection":[{"href":"https:\/\/www.souillacenjazz.fr\/new\/wp-json\/wp\/v2\/pages"}],"about":[{"href":"https:\/\/www.souillacenjazz.fr\/new\/wp-json\/wp\/v2\/types\/page"}],"author":[{"embeddable":true,"href":"https:\/\/www.souillacenjazz.fr\/new\/wp-json\/wp\/v2\/users\/1"}],"replies":[{"embeddable":true,"href":"https:\/\/www.souillacenjazz.fr\/new\/wp-json\/wp\/v2\/comments?post=530"}],"version-history":[{"count":3,"href":"https:\/\/www.souillacenjazz.fr\/new\/wp-json\/wp\/v2\/pages\/530\/revisions"}],"predecessor-version":[{"id":602,"href":"https:\/\/www.souillacenjazz.fr\/new\/wp-json\/wp\/v2\/pages\/530\/revisions\/602"}],"up":[{"embeddable":true,"href":"https:\/\/www.souillacenjazz.fr\/new\/wp-json\/wp\/v2\/pages\/528"}],"wp:featuredmedia":[{"embeddable":true,"href":"https:\/\/www.souillacenjazz.fr\/new\/wp-json\/wp\/v2\/media\/531"}],"wp:attachment":[{"href":"https:\/\/www.souillacenjazz.fr\/new\/wp-json\/wp\/v2\/media?parent=530"}],"curies":[{"name":"wp","href":"https:\/\/api.w.org\/{rel}","templated":true}]}}