{"id":512,"date":"2022-02-28T18:41:32","date_gmt":"2022-02-28T17:41:32","guid":{"rendered":"https:\/\/www.souillacenjazz.fr\/new\/?page_id=512"},"modified":"2025-11-04T10:16:16","modified_gmt":"2025-11-04T09:16:16","slug":"venir-au-festival-en-avion","status":"publish","type":"page","link":"https:\/\/www.souillacenjazz.fr\/new\/venir-au-festival\/venir-au-festival-en-avion\/","title":{"rendered":"Venir au Festival en avion"},"content":{"rendered":"\n<h2 class=\"wp-block-heading\"><strong>en avion :<\/strong><\/h2>\n\n\n\n<p>L&#8217;a\u00e9roport &#8220;Brive Vall\u00e9e de la Dordogne&#8221; est \u00e0 15 minutes de Souillac.<\/p>\n\n\n\n<p><a href=\"https:\/\/www.aeroport-brive-vallee-dordogne.com\/\" target=\"_blank\" rel=\"noreferrer noopener\">https:\/\/www.aeroport-brive-vallee-dordogne.com\/<\/a><\/p>\n","protected":false},"excerpt":{"rendered":"<p>en avion : L&#8217;a\u00e9roport &#8220;Brive Vall\u00e9e de la Dordogne&#8221; est \u00e0 15 minutes de Souillac. https:\/\/www.aeroport-brive-vallee-dordogne.com\/<\/p>\n","protected":false},"author":1,"featured_media":5527,"parent":508,"menu_order":0,"comment_status":"closed","ping_status":"closed","template":"","meta":{"om_disable_all_campaigns":false,"cybocfi_hide_featured_image":"yes","_vp_format_video_url":"","_vp_image_focal_point":[],"footnotes":""},"class_list":["post-512","page","type-page","status-publish","has-post-thumbnail","hentry"],"_links":{"self":[{"href":"https:\/\/www.souillacenjazz.fr\/new\/wp-json\/wp\/v2\/pages\/512","targetHints":{"allow":["GET"]}}],"collection":[{"href":"https:\/\/www.souillacenjazz.fr\/new\/wp-json\/wp\/v2\/pages"}],"about":[{"href":"https:\/\/www.souillacenjazz.fr\/new\/wp-json\/wp\/v2\/types\/page"}],"author":[{"embeddable":true,"href":"https:\/\/www.souillacenjazz.fr\/new\/wp-json\/wp\/v2\/users\/1"}],"replies":[{"embeddable":true,"href":"https:\/\/www.souillacenjazz.fr\/new\/wp-json\/wp\/v2\/comments?post=512"}],"version-history":[{"count":5,"href":"https:\/\/www.souillacenjazz.fr\/new\/wp-json\/wp\/v2\/pages\/512\/revisions"}],"predecessor-version":[{"id":5529,"href":"https:\/\/www.souillacenjazz.fr\/new\/wp-json\/wp\/v2\/pages\/512\/revisions\/5529"}],"up":[{"embeddable":true,"href":"https:\/\/www.souillacenjazz.fr\/new\/wp-json\/wp\/v2\/pages\/508"}],"wp:featuredmedia":[{"embeddable":true,"href":"https:\/\/www.souillacenjazz.fr\/new\/wp-json\/wp\/v2\/media\/5527"}],"wp:attachment":[{"href":"https:\/\/www.souillacenjazz.fr\/new\/wp-json\/wp\/v2\/media?parent=512"}],"curies":[{"name":"wp","href":"https:\/\/api.w.org\/{rel}","templated":true}]}}