{"id":510,"date":"2022-02-28T18:37:06","date_gmt":"2022-02-28T17:37:06","guid":{"rendered":"https:\/\/www.souillacenjazz.fr\/new\/?page_id=510"},"modified":"2025-11-06T17:43:35","modified_gmt":"2025-11-06T16:43:35","slug":"venir-au-festival-par-le-train","status":"publish","type":"page","link":"https:\/\/www.souillacenjazz.fr\/new\/venir-au-festival\/venir-au-festival-par-le-train\/","title":{"rendered":"Venir au Festival par le train"},"content":{"rendered":"\n<h2 class=\"wp-block-heading\"><strong>en train :<\/strong><\/h2>\n\n\n\n<p>La gare de Souillac est bien desservie car situ\u00e9e sur la ligne Paris Toulouse.<br>Il est possible de venir de Bordeaux jusqu&#8217;\u00e0 Sarlat. Une navette routi\u00e8re relie Sarlat \u00e0 Souillac (se renseigner sur les horaires et les correspondances).<br>Planifiez vos d\u00e9placements avec :<\/p>\n\n\n\n<p><a href=\"https:\/\/www.thetrainline.com\/fr\" target=\"_blank\" rel=\"noreferrer noopener\">https:\/\/www.thetrainline.com\/fr<\/a><\/p>\n","protected":false},"excerpt":{"rendered":"<p>la gare de Souillac<\/p>\n","protected":false},"author":1,"featured_media":5534,"parent":508,"menu_order":0,"comment_status":"closed","ping_status":"closed","template":"","meta":{"om_disable_all_campaigns":false,"cybocfi_hide_featured_image":"yes","_vp_format_video_url":"","_vp_image_focal_point":[],"footnotes":""},"class_list":["post-510","page","type-page","status-publish","has-post-thumbnail","hentry"],"_links":{"self":[{"href":"https:\/\/www.souillacenjazz.fr\/new\/wp-json\/wp\/v2\/pages\/510","targetHints":{"allow":["GET"]}}],"collection":[{"href":"https:\/\/www.souillacenjazz.fr\/new\/wp-json\/wp\/v2\/pages"}],"about":[{"href":"https:\/\/www.souillacenjazz.fr\/new\/wp-json\/wp\/v2\/types\/page"}],"author":[{"embeddable":true,"href":"https:\/\/www.souillacenjazz.fr\/new\/wp-json\/wp\/v2\/users\/1"}],"replies":[{"embeddable":true,"href":"https:\/\/www.souillacenjazz.fr\/new\/wp-json\/wp\/v2\/comments?post=510"}],"version-history":[{"count":4,"href":"https:\/\/www.souillacenjazz.fr\/new\/wp-json\/wp\/v2\/pages\/510\/revisions"}],"predecessor-version":[{"id":5535,"href":"https:\/\/www.souillacenjazz.fr\/new\/wp-json\/wp\/v2\/pages\/510\/revisions\/5535"}],"up":[{"embeddable":true,"href":"https:\/\/www.souillacenjazz.fr\/new\/wp-json\/wp\/v2\/pages\/508"}],"wp:featuredmedia":[{"embeddable":true,"href":"https:\/\/www.souillacenjazz.fr\/new\/wp-json\/wp\/v2\/media\/5534"}],"wp:attachment":[{"href":"https:\/\/www.souillacenjazz.fr\/new\/wp-json\/wp\/v2\/media?parent=510"}],"curies":[{"name":"wp","href":"https:\/\/api.w.org\/{rel}","templated":true}]}}