{"id":466,"date":"2022-12-10T11:32:20","date_gmt":"2022-12-10T10:32:20","guid":{"rendered":"https:\/\/www.souillacenjazz.fr\/new\/?page_id=466"},"modified":"2025-12-16T17:29:48","modified_gmt":"2025-12-16T16:29:48","slug":"edito","status":"publish","type":"page","link":"https:\/\/www.souillacenjazz.fr\/new\/edito\/","title":{"rendered":"\u00e9dito"},"content":{"rendered":"\n<p class=\"has-medium-font-size\">1976, Ahmad Jamal enregistre <em>Prelude to a Kiss<\/em>, Michel Portal <em>Ch\u00e2teauvallon 76<\/em>, Henri Texier son premier disque, Michel Petrucciani donne son premier concert \u00e0 13 ans, Christian\u00a0Escoud\u00e9 est prix \u00ab\u00a0Django Reinhardt\u00a0\u00bb de l\u2019Acad\u00e9mie du jazz, <strong>le premier Festival de jazz de Souillac a lieu les 7, 8 et 9 juillet 1976\u00a0!<\/strong><\/p>\n\n\n\n<p class=\"has-medium-font-size\">1976, c&#8217;est le 1<sup>er<\/sup> concert avec le Swing Machine Big Band de Cahors, nos amis lotois seront avec nous, avec vous, le mercredi 22 juillet 2026 pour c\u00e9l\u00e9brer cet anniversaire en compagnie de la p\u00e9tillante californienne Gilda Solve. Cadeau&nbsp;!<\/p>\n\n\n\n<p class=\"has-medium-font-size\"><strong>50 ans<\/strong> de b\u00e9n\u00e9volat, 50 ans de partenariat public, 50 ans de partenariat priv\u00e9, 50 ans de spectateurs, 50 ans de musiciens. De Memphis Slim \u00e0 Steve Coleman, de Michel Attenoux \u00e0 Laurent Bardainne, tous ont d\u00e9roul\u00e9 le tapis rouge de la Blue Note \u00e0 Louise Jallu, Straight Horns, Emile Parisien, Yaron Herman, Linda May Han Oh, Prabhu Edouard, Duo Brady, Youn Sun Nah, Bojan Z, Antonio Lizana et Erik Truffaz. Ces deux derniers avec leur octet rendront hommage \u00e0 Miles Davis pour le centenaire de sa naissance en pr\u00e9sentant leurs <em>New Sketches of Spain<\/em>. Ces orchestres sont \u00e0 l\u2019affiche sign\u00e9e Cyril Marton d\u2019Acide.Design.<\/p>\n\n\n\n<p class=\"has-medium-font-size\"><strong>50 ans<\/strong> de musique populaire en journ\u00e9e ou en soir\u00e9e avec les concerts gratuits de Mamz\u2019elle Bee &amp; The Boyz, Les Bavagonds, Antoinette Trio, Chesco\u2019s Reunion 5tet et Lot of Jazz.<\/p>\n\n\n\n<p class=\"has-medium-font-size\"><strong>50 ans<\/strong> de lecture avec un livre aux Editions du Ruisseau, 50 ans avec l\u2019\u00e9mission par La Poste d\u2019un timbre et sa sortie 1<sup>er<\/sup> jour le 17 juillet.<\/p>\n\n\n\n<p class=\"has-medium-font-size\"><strong>50 ans<\/strong> de pr\u00e9sence \u00e0 Souillac avec un cadeau de la ville, une sculpture \u00ab&nbsp;Jazz&nbsp;\u00bb sera inaugur\u00e9e place Sim Copans le 18 juillet.<\/p>\n\n\n\n<p class=\"has-medium-font-size\"><strong>50 ans<\/strong> avec vous, qui pourrez retrouver Abbey Lincoln dans un film impressionnant \u00ab&nbsp;Soundtrack to a Coup d\u2019Etat&nbsp;\u00bb entre politique et jazz, au travers d\u2019archives exceptionnelles.<\/p>\n\n\n\n<p class=\"has-medium-font-size\">Nous vous attendons du 17 au 25 juillet 2026.<\/p>\n\n\n\n<p class=\"has-text-align-center has-medium-font-size\">Robert Peyrillou, directeur artistique et pr\u00e9sident<\/p>\n\n\n\n<p><\/p>\n","protected":false},"excerpt":{"rendered":"<p>1976, Ahmad Jamal enregistre Prelude to a Kiss, Michel Portal Ch\u00e2teauvallon 76, Henri Texier son premier disque, Michel<\/p>\n","protected":false},"author":1,"featured_media":0,"parent":0,"menu_order":0,"comment_status":"closed","ping_status":"closed","template":"","meta":{"om_disable_all_campaigns":false,"cybocfi_hide_featured_image":"","_vp_format_video_url":"","_vp_image_focal_point":[],"footnotes":""},"class_list":["post-466","page","type-page","status-publish","hentry"],"_links":{"self":[{"href":"https:\/\/www.souillacenjazz.fr\/new\/wp-json\/wp\/v2\/pages\/466","targetHints":{"allow":["GET"]}}],"collection":[{"href":"https:\/\/www.souillacenjazz.fr\/new\/wp-json\/wp\/v2\/pages"}],"about":[{"href":"https:\/\/www.souillacenjazz.fr\/new\/wp-json\/wp\/v2\/types\/page"}],"author":[{"embeddable":true,"href":"https:\/\/www.souillacenjazz.fr\/new\/wp-json\/wp\/v2\/users\/1"}],"replies":[{"embeddable":true,"href":"https:\/\/www.souillacenjazz.fr\/new\/wp-json\/wp\/v2\/comments?post=466"}],"version-history":[{"count":22,"href":"https:\/\/www.souillacenjazz.fr\/new\/wp-json\/wp\/v2\/pages\/466\/revisions"}],"predecessor-version":[{"id":5613,"href":"https:\/\/www.souillacenjazz.fr\/new\/wp-json\/wp\/v2\/pages\/466\/revisions\/5613"}],"wp:attachment":[{"href":"https:\/\/www.souillacenjazz.fr\/new\/wp-json\/wp\/v2\/media?parent=466"}],"curies":[{"name":"wp","href":"https:\/\/api.w.org\/{rel}","templated":true}]}}