{"id":4516,"date":"2024-09-13T17:08:04","date_gmt":"2024-09-13T15:08:04","guid":{"rendered":"https:\/\/www.souillacenjazz.fr\/new\/?page_id=4516"},"modified":"2024-09-13T17:08:05","modified_gmt":"2024-09-13T15:08:05","slug":"que-dit-la-presse-en-2024","status":"publish","type":"page","link":"https:\/\/www.souillacenjazz.fr\/new\/autour-du-festival\/la-revue-de-presse\/que-dit-la-presse-en-2024\/","title":{"rendered":"Que dit la presse en 2024 ?"},"content":{"rendered":"\n<h2 class=\"wp-block-heading\">Vu dans La D\u00e9p\u00eache<\/h2>\n\n\n\n<p>le 29\/12\/2023 : Souillac. Un 48e festival de jazz ouvert sur le monde &#8211;&gt; <strong><a href=\"https:\/\/www.ladepeche.fr\/2023\/12\/29\/un-48e-festival-de-jazz-ouvert-sur-le-monde-11668200.php\" target=\"_blank\" rel=\"noreferrer noopener\">voir l&#8217;article<\/a><\/strong> <\/p>\n\n\n\n<p>le 06\/01\/2024 : Souillac en jazz d\u00e9voile une programmation &#8220;aux couleurs du monde&#8221; &#8211;&gt; <strong><a href=\"https:\/\/www.ladepeche.fr\/2024\/01\/05\/souillac-en-jazz-devoile-une-programmation-aux-couleurs-du-monde-11678527.php\" target=\"_blank\" rel=\"noreferrer noopener\">voir l&#8217;article<\/a><\/strong><\/p>\n\n\n\n<p>le 09\/01\/2024 : Souillac en Jazz investit l\u2019\u00e9glise de Cal\u00e8s et les grottes de Lacave &#8211;&gt; <strong><a href=\"https:\/\/www.ladepeche.fr\/2024\/01\/09\/souillac-en-jazz-investit-leglise-de-cales-et-les-grottes-de-lacave-11684405.php\">voir <\/a><a href=\"https:\/\/www.ladepeche.fr\/2024\/01\/09\/souillac-en-jazz-investit-leglise-de-cales-et-les-grottes-de-lacave-11684405.php\" target=\"_blank\" rel=\"noreferrer noopener\">l&#8217;article<\/a><\/strong><\/p>\n\n\n\n<p>le 19\/01\/2024 : Souillac en Jazz 2024 va enchanter la place Pierre-Betz &#8211;&gt; <strong><a href=\"https:\/\/www.ladepeche.fr\/2024\/01\/19\/souillac-en-jazz-2024-va-enchanter-la-place-pierre-betz-11705818.php\" target=\"_blank\" rel=\"noreferrer noopener\">voir l&#8217;article<\/a><\/strong><\/p>\n\n\n\n<p>le 05\/02\/2024 : Vayrac. Une belle soir\u00e9e jazz avec Obradovic-Texier Duo &#8211;&gt; <strong><a href=\"https:\/\/www.ladepeche.fr\/2024\/02\/05\/une-belle-soiree-jazz-avec-obradovic-texier-duo-11744600.php\" target=\"_blank\" rel=\"noreferrer noopener\">voir l&#8217;article<\/a><\/strong><\/p>\n\n\n\n<p>le 30\/04\/2024 : Souillac. Robert Peyrillou, une vie consacr\u00e9e au jazz &#8211;&gt; <strong><a href=\"https:\/\/www.ladepeche.fr\/2024\/04\/30\/robert-peyrillou-une-vie-consacree-au-jazz-11922315.php\" data-type=\"link\" data-id=\"https:\/\/www.ladepeche.fr\/2024\/04\/30\/robert-peyrillou-une-vie-consacree-au-jazz-11922315.php\" target=\"_blank\" rel=\"noreferrer noopener\">voir l&#8217;article<\/a><\/strong><\/p>\n\n\n\n<p>le 24\/05\/2024 : Souillac. Jazz : le &#8220;off&#8221; du festival Sim-Copans \u00e0 la hauteur du &#8220;in&#8221; &#8211;&gt;<strong><a href=\"https:\/\/www.ladepeche.fr\/2024\/05\/24\/jazz-le-off-du-festival-sim-copans-a-la-hauteur-du-in-11970606.php\" data-type=\"link\" data-id=\"https:\/\/www.ladepeche.fr\/2024\/05\/24\/jazz-le-off-du-festival-sim-copans-a-la-hauteur-du-in-11970606.php\" target=\"_blank\" rel=\"noreferrer noopener\"> voir l&#8217;article<\/a><\/strong><\/p>\n\n\n\n<p>le 27\/06\/2024 : Souillac. Un \u00e9t\u00e9 tr\u00e8s jazzy &#8211;&gt; <a href=\"https:\/\/www.ladepeche.fr\/2024\/06\/25\/un-ete-tres-jazzy-12040120.php\" target=\"_blank\" rel=\"noreferrer noopener\">voir l&#8217;article<\/a><\/p>\n\n\n\n<p>le 10\/07\/2024 : Souillac en jazz revient cet \u00e9t\u00e9 pour faire vibrer le c\u0153ur des passionn\u00e9s &#8211;&gt; <strong><a href=\"https:\/\/www.ladepeche.fr\/2024\/07\/09\/souillac-en-jazz-revient-cet-ete-pour-faire-vibrer-le-coeur-des-passionnes-12069199.php\" target=\"_blank\" rel=\"noreferrer noopener\">voir l&#8217;article<\/a><\/strong><\/p>\n\n\n\n<p>le 21\/07\/2024 : Comptes-rendus parus dans La D\u00e9p\u00eache du Midi &#8211;&gt; <a href=\"http:\/\/www.souillacenjazz.fr\/new\/wp-content\/uploads\/2024\/08\/2024-la-depeche-page001-scaled.jpeg\" target=\"_blank\" rel=\"noreferrer noopener\"><strong>voir les articles<\/strong><\/a><\/p>\n\n\n\n<h2 class=\"wp-block-heading\">Vu dans citizenjazz<\/h2>\n\n\n\n<p>le 29\/01\/2024 : Souillac en jazz &#8211; Un jazz de toutes les couleurs du monde &#8211;&gt; <strong><a href=\"https:\/\/www.citizenjazz.com\/Souillac-en-jazz-3483041.html\" target=\"_blank\" rel=\"noreferrer noopener\">voir l&#8217;article<\/a><\/strong><\/p>\n\n\n\n<p>le 03\/09\/2024 : Souillac en Jazz fait de la r\u00e9sistance &#8211;> <a href=\"https:\/\/www.citizenjazz.com\/Souillac-en-Jazz-fait-de-la-resistance.html\" target=\"_blank\" rel=\"noreferrer noopener\">voir l&#8217;article<\/a><\/p>\n\n\n\n<h2 class=\"wp-block-heading\">Vu dans medialot<strong> <\/strong><\/h2>\n\n\n\n<p>le 04\/01\/2024 : Souillac en jazz 2024 &#8211; Une programmation aux couleurs du monde&nbsp;!  &#8211;&gt; <strong><a href=\"https:\/\/medialot.fr\/souillac-en-jazz-2024-une-programmation-aux-couleurs-du-monde\/\" target=\"_blank\" rel=\"noreferrer noopener\">voir l&#8217;article<\/a><\/strong><\/p>\n\n\n\n<p>le 25\/02\/2024 : Benjamin Bobenrieth trio, Hady Mouallem et Titi Bamberger en concert le 3 mars &#8211;&gt; <strong><a href=\"https:\/\/medialot.fr\/souillac-benjamin-bobenrieth-trio-hady-mouallem-et-titi-bamberger-en-concert-le-3-mars\/\" target=\"_blank\" rel=\"noreferrer noopener\">Lire l&#8217;article<\/a><\/strong>                                                              <\/p>\n\n\n\n<h2 class=\"wp-block-heading\">Vu sur Actu.fr<\/h2>\n\n\n\n<h2 class=\"wp-block-heading\">Vu dans Dire Lot<\/h2>\n\n\n\n<h2 class=\"wp-block-heading\">Vu dans jazz news<\/h2>\n\n\n\n<p>juin 2024 : <strong><a href=\"http:\/\/www.souillacenjazz.fr\/new\/wp-content\/uploads\/2024\/05\/article-jazz-news-2024.jpg\" data-type=\"link\" data-id=\"http:\/\/www.souillacenjazz.fr\/new\/wp-content\/uploads\/2024\/05\/article-jazz-news-2024.jpg\">voir l&#8217;article<\/a><\/strong><\/p>\n\n\n\n<h2 class=\"wp-block-heading\">Vu dans La Vie Quercynoise<\/h2>\n\n\n\n<h2 class=\"wp-block-heading\" style=\"font-size:30px\">Vu dans Le Monde<\/h2>\n\n\n\n<p><\/p>\n","protected":false},"excerpt":{"rendered":"<p>Vu dans La D\u00e9p\u00eache le 29\/12\/2023 : Souillac. Un 48e festival de jazz ouvert sur le monde &#8211;&gt;<\/p>\n","protected":false},"author":2,"featured_media":1133,"parent":1132,"menu_order":1,"comment_status":"closed","ping_status":"closed","template":"","meta":{"om_disable_all_campaigns":false,"cybocfi_hide_featured_image":"yes","_vp_format_video_url":"","_vp_image_focal_point":[],"footnotes":""},"class_list":["post-4516","page","type-page","status-publish","has-post-thumbnail","hentry"],"_links":{"self":[{"href":"https:\/\/www.souillacenjazz.fr\/new\/wp-json\/wp\/v2\/pages\/4516","targetHints":{"allow":["GET"]}}],"collection":[{"href":"https:\/\/www.souillacenjazz.fr\/new\/wp-json\/wp\/v2\/pages"}],"about":[{"href":"https:\/\/www.souillacenjazz.fr\/new\/wp-json\/wp\/v2\/types\/page"}],"author":[{"embeddable":true,"href":"https:\/\/www.souillacenjazz.fr\/new\/wp-json\/wp\/v2\/users\/2"}],"replies":[{"embeddable":true,"href":"https:\/\/www.souillacenjazz.fr\/new\/wp-json\/wp\/v2\/comments?post=4516"}],"version-history":[{"count":17,"href":"https:\/\/www.souillacenjazz.fr\/new\/wp-json\/wp\/v2\/pages\/4516\/revisions"}],"predecessor-version":[{"id":4915,"href":"https:\/\/www.souillacenjazz.fr\/new\/wp-json\/wp\/v2\/pages\/4516\/revisions\/4915"}],"up":[{"embeddable":true,"href":"https:\/\/www.souillacenjazz.fr\/new\/wp-json\/wp\/v2\/pages\/1132"}],"wp:featuredmedia":[{"embeddable":true,"href":"https:\/\/www.souillacenjazz.fr\/new\/wp-json\/wp\/v2\/media\/1133"}],"wp:attachment":[{"href":"https:\/\/www.souillacenjazz.fr\/new\/wp-json\/wp\/v2\/media?parent=4516"}],"curies":[{"name":"wp","href":"https:\/\/api.w.org\/{rel}","templated":true}]}}