{"id":4487,"date":"2025-12-14T17:20:47","date_gmt":"2025-12-14T16:20:47","guid":{"rendered":"https:\/\/www.souillacenjazz.fr\/new\/?page_id=4487"},"modified":"2025-12-14T17:27:38","modified_gmt":"2025-12-14T16:27:38","slug":"tarifs-2026","status":"publish","type":"page","link":"https:\/\/www.souillacenjazz.fr\/new\/tarifs-2026\/","title":{"rendered":"Tarifs 2026"},"content":{"rendered":"\n<h2 class=\"wp-block-heading\">SOUILLAC en JAZZ &#8211; 50\u00e8me FESTIVAL SIM COPANS &#8211;<\/h2>\n\n\n\n<figure class=\"wp-block-table is-style-regular has-small-font-size\"><table class=\"has-black-color has-cyan-bluish-gray-background-color has-text-color has-background\"><tbody><tr><td>&nbsp;&nbsp;<\/td><td><strong>lieu<\/strong><\/td><td class=\"has-text-align-center\" data-align=\"center\"><strong>&nbsp;plein tarif&nbsp;<\/strong><\/td><td class=\"has-text-align-center\" data-align=\"center\"><strong>&nbsp;&nbsp;tarif r\u00e9duit&nbsp;<\/strong><\/td><td class=\"has-text-align-center\" data-align=\"center\"><strong>abonnements<\/strong><br><strong>concerts&nbsp;grande&nbsp;sc\u00e8ne<\/strong><\/td><\/tr><tr><td><strong>dimanche 19<br>17h<br> <\/strong>Louise Jallu<\/td><td><strong>\u00e9glise<br>de<br>Cal\u00e8s<\/strong><\/td><td class=\"has-text-align-center\" data-align=\"center\"><strong>22\u20ac<\/strong><\/td><td class=\"has-text-align-center\" data-align=\"center\">&nbsp;<\/td><td class=\"has-text-align-center\" data-align=\"center\"><\/td><\/tr><tr><td><strong>mardi <\/strong>21<br><strong>20h 30<\/strong><br>Straight Horns<\/td><td><strong>grottes<br>de<br>Lacave<\/strong><\/td><td class=\"has-text-align-center\" data-align=\"center\"><strong>&nbsp;25 \u20ac<\/strong><\/td><td class=\"has-text-align-center\" data-align=\"center\">&nbsp;<\/td><td class=\"has-text-align-center\" data-align=\"center\"><\/td><\/tr><tr><td><strong>jeudi <\/strong>23<br><strong>21h 15<\/strong>&nbsp;&nbsp;<br>Emile Parisien quartet<\/td><td><strong>&nbsp;place Betz&nbsp;&nbsp;<\/strong><\/td><td class=\"has-text-align-center\" data-align=\"center\"><strong>&nbsp;30 \u20ac<\/strong><\/td><td class=\"has-text-align-center\" data-align=\"center\"><strong>&nbsp; 15 \u20ac<\/strong><\/td><td class=\"has-text-align-center\" data-align=\"center\"><strong>jeudi &amp; vendredi<br>55 \u20ac au lieu de 65 \u20ac<\/strong><\/td><\/tr><tr><td><strong>vendredi <\/strong>24<br><strong>21h 15<\/strong><br><strong>1er concert : <\/strong><br>Duo Brady<br><strong>2e concert : <\/strong> <br>Yun Sun Nah &#8211; Bojan Z<\/td><td><strong>place Betz<\/strong><\/td><td class=\"has-text-align-center\" data-align=\"center\"><strong>&nbsp;35 \u20ac<\/strong><\/td><td class=\"has-text-align-center\" data-align=\"center\"><strong>&nbsp;18 \u20ac<\/strong><\/td><td class=\"has-text-align-center\" data-align=\"center\"><strong>vendredi &amp; samedi<br>60 \u20ac au lieu de &nbsp;70 \u20ac<\/strong><\/td><\/tr><tr><td><strong>samedi 2<\/strong>5<br><strong>21h 15<\/strong><br>Erik Truffaz &#8211; Antonio Lizana<\/td><td><strong>place Betz<\/strong><\/td><td class=\"has-text-align-center\" data-align=\"center\"><strong>&nbsp;35 \u20ac<\/strong><\/td><td class=\"has-text-align-center\" data-align=\"center\"><strong>&nbsp;18 \u20ac<\/strong><\/td><td class=\"has-text-align-center\" data-align=\"center\"><strong>&nbsp;jeudi, vendredi &amp; samedi<br>85 \u20ac au lieu &nbsp;100 \u20ac<\/strong><\/td><\/tr><\/tbody><\/table><\/figure>\n\n\n\n<figure class=\"wp-block-table is-style-regular has-small-font-size\"><table class=\"has-black-color has-pale-cyan-blue-background-color has-text-color has-background\"><tbody><tr><td><strong>tarif r\u00e9duit <\/strong><\/td><\/tr><tr><td><strong>b\u00e9n\u00e9ficiaires des minima sociaux (RSA, ASS, AAH, ATA, AER)<\/strong>             &#8212;&#8212;-               <strong>b\u00e9n\u00e9ficiaires de la carte \u00e9tudiant.<\/strong><\/td><\/tr><tr><td><strong>jeunes de 12 \u00e0 21 ans inclus pour les concerts des jeudi, vendredi&nbsp;et samedi<\/strong><\/td><\/tr><tr><td><strong>pas de tarif r\u00e9duit le dimanche \u00e0 Cal\u00e8s et le mardi \u00e0 Lacave.<\/strong><\/td><\/tr><tr><td><strong>pas de r\u00e9duction demandeurs d&#8217;emploi et personnes handicap\u00e9s&nbsp;(sauf s&#8217;ils sont b\u00e9n\u00e9ficiaires de l&#8217;ATA, l&#8217;ASS,l&#8217;AER ou l&#8217;AAH)<\/strong><\/td><\/tr><tr><td><strong>entr\u00e9e gratuite pour les moins de 12 ans les jeudi, vendredi et samedi<\/strong><\/td><\/tr><tr><td><strong>pour tous ces publics, contr\u00f4le des justificatifs \u00e0 l&#8217;entr\u00e9e.<\/strong><\/td><\/tr><tr><td><\/td><\/tr><tr><td><strong><br>\u00a0 les entr\u00e9es aux concerts sont vendus par :<\/strong> <strong>\u00a0\u00a0\u00a0\u00a0\u00a0 \u00a0<\/strong><br> <strong>&#8211;\u00a0notre\u00a0billetterie en ligne\u00a0<mark class=\"kt-highlight\"><a href=\"https:\/\/billetterie.festik.net\/souillac-en-jazz\/\" target=\"_blank\" rel=\"noreferrer noopener\">FESTIK <\/a>\u00a0\u00a0<\/mark><\/strong><br> <strong>&#8211;\u00a0ticketmaster<br>\u00a0 &#8211; sur place &#8211;> accueil des Centres E Leclerc de SOUILLAC &amp; GRAMAT<\/strong> <strong>\u00a0 \u00a0 \u00a0 \u00a0 \u00a0 \u00a0 \u00a0 \u00a0 \u00a0 \u00a0 \u00a0 \u00a0 \u00a0 \u00a0 \u00a0 \u00a0 <\/strong><br> <strong>et<\/strong> <strong>\u00a0 \u00a0 \u00a0 \u00a0 \u00a0 \u00a0 \u00a0 \u00a0 \u00a0 \u00a0 \u00a0 \u00a0 \u00a0 \u00a0 \u00a0 \u00a0 <\/strong><br> <strong>Le Point d&#8217;Oc (maison de la presse) \u00e0 Souillac<br><\/strong><\/td><\/tr><\/tbody><\/table><\/figure>\n\n\n\n<p><strong>T\u00e9l\u00e9charger le d\u00e9pliant <\/strong><\/p>\n","protected":false},"excerpt":{"rendered":"<p>SOUILLAC en JAZZ &#8211; 50\u00e8me FESTIVAL SIM COPANS &#8211; &nbsp;&nbsp; lieu &nbsp;plein tarif&nbsp; &nbsp;&nbsp;tarif r\u00e9duit&nbsp; abonnementsconcerts&nbsp;grande&nbsp;sc\u00e8ne dimanche 1917h<\/p>\n","protected":false},"author":2,"featured_media":0,"parent":0,"menu_order":0,"comment_status":"closed","ping_status":"closed","template":"","meta":{"om_disable_all_campaigns":false,"cybocfi_hide_featured_image":"","_vp_format_video_url":"","_vp_image_focal_point":[],"footnotes":""},"class_list":["post-4487","page","type-page","status-publish","hentry"],"_links":{"self":[{"href":"https:\/\/www.souillacenjazz.fr\/new\/wp-json\/wp\/v2\/pages\/4487","targetHints":{"allow":["GET"]}}],"collection":[{"href":"https:\/\/www.souillacenjazz.fr\/new\/wp-json\/wp\/v2\/pages"}],"about":[{"href":"https:\/\/www.souillacenjazz.fr\/new\/wp-json\/wp\/v2\/types\/page"}],"author":[{"embeddable":true,"href":"https:\/\/www.souillacenjazz.fr\/new\/wp-json\/wp\/v2\/users\/2"}],"replies":[{"embeddable":true,"href":"https:\/\/www.souillacenjazz.fr\/new\/wp-json\/wp\/v2\/comments?post=4487"}],"version-history":[{"count":6,"href":"https:\/\/www.souillacenjazz.fr\/new\/wp-json\/wp\/v2\/pages\/4487\/revisions"}],"predecessor-version":[{"id":5581,"href":"https:\/\/www.souillacenjazz.fr\/new\/wp-json\/wp\/v2\/pages\/4487\/revisions\/5581"}],"wp:attachment":[{"href":"https:\/\/www.souillacenjazz.fr\/new\/wp-json\/wp\/v2\/media?parent=4487"}],"curies":[{"name":"wp","href":"https:\/\/api.w.org\/{rel}","templated":true}]}}