{"id":3240,"date":"2023-11-16T12:34:00","date_gmt":"2023-11-16T11:34:00","guid":{"rendered":"https:\/\/www.souillacenjazz.fr\/new\/?page_id=3240"},"modified":"2024-09-13T17:09:02","modified_gmt":"2024-09-13T15:09:02","slug":"que-dit-la-presse-en-2023","status":"publish","type":"page","link":"https:\/\/www.souillacenjazz.fr\/new\/autour-du-festival\/la-revue-de-presse\/que-dit-la-presse-en-2023\/","title":{"rendered":"Que dit la presse en 2023 ?"},"content":{"rendered":"\n<h2 class=\"wp-block-heading\">Vu dans citizenjazz<\/h2>\n\n\n\n<p>le 10\/09\/2023 : NA\u00cfSSAM JALAL \u00c0 SOUILLAC EN JAZZ &#8211;&gt; <strong><a href=\"https:\/\/www.citizenjazz.com\/Naissam-Jalal-a-Souillac-en-Jazz.html\" data-type=\"link\" data-id=\"https:\/\/www.citizenjazz.com\/Naissam-Jalal-a-Souillac-en-Jazz.html\">voir l&#8217;article<\/a><\/strong><\/p>\n\n\n\n<h2 class=\"wp-block-heading\">Vu dans medialot<strong> <\/strong><\/h2>\n\n\n\n<p>le 15\/12\/2022 : Souillac en jazz d\u00e9voile la programmation 2023 et ouvre la billetterie &#8211;&gt; <strong><a rel=\"noreferrer noopener\" href=\"https:\/\/medialot.fr\/souillac-en-jazz-devoile-la-programmation-2023-et-ouvre-la-billetterie\/\" target=\"_blank\">voir l&#8217;article<\/a><\/strong><br>le 09\/05\/2023 : Paul Lay en concert \u00e0 Souillac le 13 mai &#8211;&gt; <a href=\"https:\/\/medialot.fr\/paul-lay-en-concert-a-souillac-le-13-mai\/\" target=\"_blank\" rel=\"noreferrer noopener\">voir l&#8217;article<\/a><\/p>\n\n\n\n<p>le 14\/07\/2023 : Souillac en jazz, c\u2019est du 15 au 22 juillet 2023 &#8211;&gt;<strong><a rel=\"noreferrer noopener\" href=\"https:\/\/medialot.fr\/souillac-en-jazz-cest-du-15-au-22-juillet-2023\/\" target=\"_blank\">voir l&#8217;article<\/a><\/strong><\/p>\n\n\n\n<p>le 24\/07\/2023 : Souillac en jazz&nbsp;: Le festival et son public au diapason &#8211;&gt; <strong><a href=\"https:\/\/medialot.fr\/souillac-en-jazz-le-festival-et-son-public-au-diapason\/\" target=\"_blank\" rel=\"noreferrer noopener\">voirl&#8217;article<\/a><\/strong><\/p>\n\n\n\n<h2 class=\"wp-block-heading\">Vu sur Actu.fr<\/h2>\n\n\n\n<p>le 18\/12\/2022 : \u00ab Souillac en jazz \u00bb ou quand un festival devient un atout pour le territoire &#8211;&gt; <a rel=\"noreferrer noopener\" href=\"https:\/\/actu.fr\/occitanie\/souillac_46309\/souillac-en-jazz-ou-quand-un-festival-devient-un-atout-pour-le-territoire_55952577.html\" target=\"_blank\">voir l&#8217;article<\/a><br><\/p>\n\n\n\n<h2 class=\"wp-block-heading\">Vu dans La D\u00e9p\u00eache<\/h2>\n\n\n\n<p>le 05\/03\/2023 : Ishkero, la nouvelle vague du jazz sur sc\u00e8ne le 21 juillet &#8211;&gt; <a href=\"http:\/\/www.souillacenjazz.fr\/new\/wp-content\/uploads\/2023\/06\/la-depeche-5-mars-23.jpg\" target=\"_blank\" rel=\"noreferrer noopener\">voir l&#8217;article<\/a><\/p>\n\n\n\n<p>le 01\/05\/2023 : Le 47e festival de Jazz de Souillac : l\u2019un des rendez-vous musicaux de cet \u00e9t\u00e9 \u00e0 ne pas manquer ! &#8211;&gt; <a href=\"https:\/\/www.ladepeche.fr\/2023\/04\/29\/le-47e-festival-de-jazz-de-souillac-lun-des-rendez-vous-musicaux-de-cet-ete-a-ne-pas-manquer-11165774.php\" target=\"_blank\" rel=\"noreferrer noopener\">voir l&#8217;article<\/a><\/p>\n\n\n\n<p>le 03\/05\/2023 : le jazzman Paul Lay rendra hommage \u00e0 Beethoven \u00e0 Souillac &#8211;&gt; <strong><a href=\"http:\/\/www.souillacenjazz.fr\/new\/wp-content\/uploads\/2023\/05\/paul-lay-la-depeche-03-05-23.jpg\" target=\"_blank\" rel=\"noreferrer noopener\">voir l&#8217;article<\/a><\/strong><\/p>\n\n\n\n<p>le 07\/06\/2023 : Jazz &#8211; le programme du 47e festival Sim Copans &#8211;&gt; <a href=\"http:\/\/www.souillacenjazz.fr\/new\/wp-content\/uploads\/2023\/06\/LDM-07.06.23.pdf\" target=\"_blank\" rel=\"noreferrer noopener\">voir l&#8217;article<\/a><\/p>\n\n\n\n<p>le 07\/06\/2023 : Jazz : le programme du 47\u00e8 festival Sim Copans &#8211;&gt; <a href=\"http:\/\/www.souillacenjazz.fr\/new\/wp-content\/uploads\/2023\/06\/la-depeche-7-juin-23.jpg\" target=\"_blank\" rel=\"noreferrer noopener\">voir l&#8217;article<\/a><\/p>\n\n\n\n<p>le 20\/06\/2023: Derni\u00e8re ligne droite avant le 47\u00e8 festival &#8211;&gt; <a href=\"http:\/\/www.souillacenjazz.fr\/new\/wp-content\/uploads\/2023\/06\/la-depeche-20-juin-23.jpg\" target=\"_blank\" rel=\"noreferrer noopener\">voir l&#8217;article<\/a><\/p>\n\n\n\n<p>le 27\/06\/2023 : Souillac en Jazz &#8211; les animations et concerts gratuits &#8211;&gt; <a href=\"http:\/\/www.souillacenjazz.fr\/new\/wp-content\/uploads\/2023\/06\/la-depeche-27-juin-23.jpg\" target=\"_blank\" rel=\"noreferrer noopener\">voir l&#8217;article<\/a><\/p>\n\n\n\n<p>le 04\/07\/2023 : Souillac en jazz sur le pont des artistes &#8211;&gt;<a rel=\"noreferrer noopener\" href=\"http:\/\/www.souillacenjazz.fr\/new\/wp-content\/uploads\/2023\/07\/itw-geraldine-sur-la-depeche.jpg\" target=\"_blank\"> <\/a><a rel=\"noreferrer noopener\" href=\"http:\/\/www.souillacenjazz.fr\/new\/wp-content\/uploads\/2023\/07\/itw-geraldine-sur-la-depeche-1.jpg\" target=\"_blank\">voir l&#8217;article<\/a><\/p>\n\n\n\n<p>le 14\/07\/2023 : Souillac. Deux grandes soir\u00e9es de jazz au pied de l\u2019abbatiale &#8211;&gt; <strong><a href=\"https:\/\/www.ladepeche.fr\/2023\/07\/14\/deux-grandes-soirees-de-jazz-au-pied-de-labbatiale-11341236.php\" target=\"_blank\" rel=\"noreferrer noopener\">voir l&#8217;article<\/a><\/strong><\/p>\n\n\n\n<p>le 15\/07\/2023 : Dans le Lot, le festival de Souillac revisite le jazz avec Erik Truffaz et G\u00e9raldine Laurent&#8211;&gt; <strong><a rel=\"noreferrer noopener\" href=\"https:\/\/www.ladepeche.fr\/2023\/07\/14\/dans-le-lot-le-festival-de-souillac-revisite-le-jazz-avec-erik-truffaz-et-geraldine-laurent-11337679.php\" target=\"_blank\">voir l&#8217;article<\/a><\/strong><\/p>\n\n\n\n<p>le 23\/07\/2023 : Un beau concert en hommage \u00e0 Charlie Chaplin &#8211;&gt; <strong><a href=\"http:\/\/www.souillacenjazz.fr\/new\/wp-content\/uploads\/2023\/08\/23-07-23.jpg\" data-type=\"link\" data-id=\"http:\/\/www.souillacenjazz.fr\/new\/wp-content\/uploads\/2023\/08\/23-07-23.jpg\">voir l&#8217;article<\/a><\/strong><\/p>\n\n\n\n<p>le 24\/07\/2023 : Fl\u00fbtes et harmonica dans les grottes &#8211;&gt; <strong><a href=\"http:\/\/www.souillacenjazz.fr\/new\/wp-content\/uploads\/2023\/08\/24-07-23.jpg\" data-type=\"link\" data-id=\"http:\/\/www.souillacenjazz.fr\/new\/wp-content\/uploads\/2023\/08\/24-07-23.jpg\">voir l&#8217;article<\/a><\/strong><\/p>\n\n\n\n<p>le 25\/07\/2023 : En concert gratuit dans le parc de l&#8217;abb\u00e9 Fayret &#8211;&gt; <strong><a href=\"http:\/\/www.souillacenjazz.fr\/new\/wp-content\/uploads\/2023\/08\/25-07-23.jpg\" data-type=\"link\" data-id=\"http:\/\/www.souillacenjazz.fr\/new\/wp-content\/uploads\/2023\/08\/25-07-23.jpg\">voir l&#8217;article<\/a><\/strong><\/p>\n\n\n\n<p>le 26\/07\/2023 : Souillac en jazz 2023, c&#8217;est termin\u00e9 &#8211;&gt; <strong><a href=\"http:\/\/www.souillacenjazz.fr\/new\/wp-content\/uploads\/2023\/08\/26-07-23.jpg\" data-type=\"link\" data-id=\"http:\/\/www.souillacenjazz.fr\/new\/wp-content\/uploads\/2023\/08\/26-07-23.jpg\">voir l&#8217;article<\/a><\/strong><\/p>\n\n\n\n<p>le 27\/07\/2023 : DIAPORAMA. Retour sur la derni\u00e8re journ\u00e9e de la 47\u00e8me \u00e9dition de Souillac en Jazz &#8211;&gt; <strong><a rel=\"noreferrer noopener\" href=\"https:\/\/www.ladepeche.fr\/2023\/07\/25\/diaporama-retour-sur-la-derniere-journee-de-la-47eme-edition-de-souillac-en-jazz-11357446.php\" target=\"_blank\">voir l&#8217;article<\/a><\/strong> <\/p>\n\n\n\n<p>le 28\/07\/2023 : Le jazz flamboyant de G\u00e9raldine Laurent en ouverture &#8211;&gt; <strong><a href=\"http:\/\/www.souillacenjazz.fr\/new\/wp-content\/uploads\/2023\/08\/28-07-23.jpg\" data-type=\"link\" data-id=\"http:\/\/www.souillacenjazz.fr\/new\/wp-content\/uploads\/2023\/08\/28-07-23.jpg\">voir l&#8217;article<\/a><\/strong><\/p>\n\n\n\n<p>le 29\/07\/2023 : La fl\u00fbtiste Na\u00efssam Jalal a chant\u00e9 l&#8217;amour et la libert\u00e9 &#8211;&gt; <strong><a href=\"http:\/\/www.souillacenjazz.fr\/new\/wp-content\/uploads\/2023\/08\/29-07-23.jpg\" data-type=\"link\" data-id=\"http:\/\/www.souillacenjazz.fr\/new\/wp-content\/uploads\/2023\/08\/29-07-23.jpg\">voir l&#8217;article<\/a><\/strong><\/p>\n\n\n\n<p>le 31\/07\/2023 : Erik Truffaz en cl\u00f4ture d&#8217;un grand mill\u00e9sime &#8211;&gt; <strong><a href=\"http:\/\/www.souillacenjazz.fr\/new\/wp-content\/uploads\/2023\/08\/31-07-23.jpg\" data-type=\"link\" data-id=\"http:\/\/www.souillacenjazz.fr\/new\/wp-content\/uploads\/2023\/08\/31-07-23.jpg\">voir l&#8217;article<\/a><\/strong><\/p>\n\n\n\n<p>le 25\/08\/2023 : Souillac. La m\u00e9diath\u00e8que accueille le public sur trois niveaux &#8211;&gt; <strong><a href=\"https:\/\/www.ladepeche.fr\/2023\/08\/25\/la-mediatheque-accueille-le-public-sur-trois-niveaux-11413826.php\" target=\"_blank\" rel=\"noreferrer noopener\">voir l&#8217;article<\/a><\/strong><\/p>\n\n\n\n<p>le 15\/12\/2023 : Souillac en jazz : une belle \u00e9dition 2023&#8211;> <strong><a href=\"https:\/\/www.ladepeche.fr\/2023\/12\/15\/souillac-en-jazz-une-belle-edition-2023-11643680.php\" target=\"_blank\" rel=\"noreferrer noopener\">voir l&#8217;article<\/a><\/strong><\/p>\n\n\n\n<p>le 29\/12\/2023 : Souillac. Un 48e festival de jazz ouvert sur le monde &#8211;> <strong><a href=\"https:\/\/www.ladepeche.fr\/2023\/12\/29\/un-48e-festival-de-jazz-ouvert-sur-le-monde-11668200.php\" target=\"_blank\" rel=\"noreferrer noopener\">voir l&#8217;article<\/a><\/strong> <\/p>\n\n\n\n<h2 class=\"wp-block-heading\">Vu dans Dire Lot<\/h2>\n\n\n\n<p>mai 2023 : 47\u00e8 festival de jazz &#8220;Sim Copans&#8221; &#8211;&gt; <a href=\"http:\/\/www.souillacenjazz.fr\/new\/wp-content\/uploads\/2023\/06\/dire-lot-mai-23.jpg\" target=\"_blank\" rel=\"noreferrer noopener\">voir l&#8217;article<\/a><\/p>\n\n\n\n<h2 class=\"wp-block-heading\">Vu dans jazz news<\/h2>\n\n\n\n<p>juin 2023 : Souillac en Jazz &#8211; A Lot of jazz &#8211;&gt; <a href=\"http:\/\/www.souillacenjazz.fr\/new\/wp-content\/uploads\/2023\/06\/jazz-news-juin-23.jpg\" target=\"_blank\" rel=\"noreferrer noopener\">voir l&#8217;article<\/a><\/p>\n\n\n\n<h2 class=\"wp-block-heading\">Vu dans La Vie Quercynoise<\/h2>\n\n\n\n<p>le 15\/12\/2022 : les stars \u00e0 l&#8217;affiche de l&#8217;\u00e9dition 2023 &#8211;&gt; <a href=\"http:\/\/www.souillacenjazz.fr\/new\/wp-content\/uploads\/2023\/06\/la-vie-quercynoise-15-decembre-22-red.jpg\" target=\"_blank\" rel=\"noreferrer noopener\">voir l&#8217;article<\/a><\/p>\n\n\n\n<h2 class=\"wp-block-heading\" style=\"font-size:30px\">Vu dans Le Monde<\/h2>\n\n\n\n<p>le 09\/07\/2023 : notre s\u00e9lection de festivals &#8230; &#8211;&gt; <a href=\"http:\/\/www.souillacenjazz.fr\/new\/wp-content\/uploads\/2023\/07\/Annonce-Souillac-en-jazz-dans-la-liste-musiques-de-La-Matinale-du-Monde.fr-mise-en-ligne-lundi-10-juillet-2023.pdf\" target=\"_blank\" rel=\"noreferrer noopener\">voir l&#8217;article<\/a><\/p>\n\n\n\n<p><\/p>\n","protected":false},"excerpt":{"rendered":"<p>Vu dans citizenjazz le 10\/09\/2023 : NA\u00cfSSAM JALAL \u00c0 SOUILLAC EN JAZZ &#8211;&gt; voir l&#8217;article Vu dans medialot<\/p>\n","protected":false},"author":2,"featured_media":1133,"parent":1132,"menu_order":2,"comment_status":"closed","ping_status":"closed","template":"","meta":{"om_disable_all_campaigns":false,"cybocfi_hide_featured_image":"yes","_vp_format_video_url":"","_vp_image_focal_point":[],"footnotes":""},"class_list":["post-3240","page","type-page","status-publish","has-post-thumbnail","hentry"],"_links":{"self":[{"href":"https:\/\/www.souillacenjazz.fr\/new\/wp-json\/wp\/v2\/pages\/3240","targetHints":{"allow":["GET"]}}],"collection":[{"href":"https:\/\/www.souillacenjazz.fr\/new\/wp-json\/wp\/v2\/pages"}],"about":[{"href":"https:\/\/www.souillacenjazz.fr\/new\/wp-json\/wp\/v2\/types\/page"}],"author":[{"embeddable":true,"href":"https:\/\/www.souillacenjazz.fr\/new\/wp-json\/wp\/v2\/users\/2"}],"replies":[{"embeddable":true,"href":"https:\/\/www.souillacenjazz.fr\/new\/wp-json\/wp\/v2\/comments?post=3240"}],"version-history":[{"count":33,"href":"https:\/\/www.souillacenjazz.fr\/new\/wp-json\/wp\/v2\/pages\/3240\/revisions"}],"predecessor-version":[{"id":4515,"href":"https:\/\/www.souillacenjazz.fr\/new\/wp-json\/wp\/v2\/pages\/3240\/revisions\/4515"}],"up":[{"embeddable":true,"href":"https:\/\/www.souillacenjazz.fr\/new\/wp-json\/wp\/v2\/pages\/1132"}],"wp:featuredmedia":[{"embeddable":true,"href":"https:\/\/www.souillacenjazz.fr\/new\/wp-json\/wp\/v2\/media\/1133"}],"wp:attachment":[{"href":"https:\/\/www.souillacenjazz.fr\/new\/wp-json\/wp\/v2\/media?parent=3240"}],"curies":[{"name":"wp","href":"https:\/\/api.w.org\/{rel}","templated":true}]}}