{"id":3218,"date":"2022-12-14T15:23:45","date_gmt":"2022-12-14T14:23:45","guid":{"rendered":"https:\/\/www.souillacenjazz.fr\/new\/?page_id=3218"},"modified":"2025-07-30T15:20:12","modified_gmt":"2025-07-30T13:20:12","slug":"ils-sont-venus-a-souillac","status":"publish","type":"page","link":"https:\/\/www.souillacenjazz.fr\/new\/ils-sont-venus-a-souillac\/","title":{"rendered":"Ils sont venus \u00e0 Souillac"},"content":{"rendered":"\n<p>ce sont plus de 200 artistes ou groupes d&#8217;artistes dans le IN et 250 dans le OFF qui sont pass\u00e9s sur les diff\u00e9rentes sc\u00e8nes de Souillac en Jazz !<\/p>\n\n\n\n<p class=\"has-white-color has-text-color has-link-color wp-elements-fc21631e57035475293d4394f3e36e07\">En gras, les concerts du soir (&#8220;IN&#8221;)<\/p>\n\n\n\n<p class=\"has-white-color has-text-color has-link-color wp-elements-d933e99ca4c2bff41db9ffeb1fc81200\"><mark class=\"kt-highlight\">2025<\/mark><br><strong>STEVE COLMAN<br>LAURENT BARDAINNE<br>DANIEL HUMAIR<br>LOUIS SCLAVIS<br>BENJAMIN MOUSSAY<br>NUBU<br>GREGORY DALTIN<br>MICHEL GODARD<br>LE\u00cfLA OLIVESI<\/strong><br>A Tous Jazz<br>Four Bi<br>R\u00e9mi Dugu\u00e9 Trio<br>Lil&#8217;Brass Band<br>TDB jazz trio<br>Les classes de jazz de Souillac, Martel, Assier et Cahors<br><br><mark class=\"kt-highlight\">2024<\/mark><br><strong>CECILE McLORIN SALVANT<br>RENAUD GARCIA-FONS &#8220;luna de seda&#8221;<br>CLEMENT JANINET &#8220;concerto pour sokou&#8221;<br>CHRISTELLE RAQUILLET<br>PROSPECTUS<br>NoSax, NoClar<\/strong><br><strong>Nooh Band<\/strong><br>New Vostok<strong><br><\/strong>Pepper Swing<br>Risha<br>Wonder Brass Band<br>Les classes de jazz de Souillac, Martel, Assier et Cahors 2025<\/p>\n\n\n\n<p class=\"has-white-color has-text-color has-link-color wp-elements-5c59a5e748414bb10f15d53250ac26ce\"><mark class=\"kt-highlight\">2023<\/mark><br><strong>ERIK TRUFFAZ &#8220;rollin&#8217; &amp; clap&#8221;<br>NAISSAM JALAL<br>GERALDINE LAURENT<br>MEDERIC COLLIGNON<br>ISABELLE OLIVIER<br>ISHKERO<br>PAUL LAY<br>ARNAUD DOLMEN<br>EMILIE CALME &amp; LAURENT MAUR<\/strong><br>Le Tout Puissant Tropical Orchestra<br>Mister Trio Quartet<br>New Vostoc<br>Bacrima Trio<br>The Jive Machine Trio<br><br><mark class=\"kt-highlight\">2022<\/mark><br><strong>THOMAS DE POURQUERY<\/strong> supersonic<br><strong>RENAUD GARCIA FONS &amp; DORANTES<br>DANIEL ZIMMERMANN &amp; ERIC SEVA<br>SUZANNE<br>FIDEL FOURNEYRON bengue<\/strong><br><strong>ANA CARLA MAZA<\/strong><br><strong>MAMA SHAKERS<\/strong><br><strong>LE JAZZ ENSEMBLE DE TULLE<\/strong><br>Monkeys D Swing<br>Adi&#8217;Jazz<br>Le Bois bleu<br>The Yellbows<\/p>\n\n\n\n<p><mark class=\"kt-highlight\">2021<\/mark><br><strong>JOELLE LEANDRE<br>WILFRIED TOUATI Quartet<br>GONAM CITY<br>DANIEL ERDMANN&#8217;S VELVET REVOLUTION<br>ROUGE<br>YARON HERMAN&nbsp;<br>MICHELPORTAL &amp; BOJAN Z<br>VINCENT PEIRANI &amp; EMILE PARISIEN<\/strong><br>D\u00e8s-en-Bulle<br>Bawling Cats<br>Swing Gamblers<br>Toultoutim<br><br><mark class=\"kt-highlight\">2019<\/mark><br><strong>CAVALE<br>TRIO BRUEL\/MARRE\/THUILLIER<br>THREE DAYS OF FOREST<br>ANDREAS SCHAERER QUARTET<br>HENRI TEXIER QUINTET<br>AVISHAI COHEN TRIO<\/strong><br>LE LOT DE JAZZ<br>JAZZEPHEEN TRIO<br>FILIBUSTERS<br>LES TIRE-BOUCHONS<br>BISMUT MINARDI CHAMBER JAZZ TRIO<\/p>\n\n\n\n<p><mark class=\"kt-highlight\">2018<\/mark><br><strong>ROSE BETTY KLUB<br>OLIVIER PY &amp; ALIOUNE KONE (wispering souls)<br>RUDRESH MAHANTHAPPA&#8217;S Indo Pak Coalition<br>THEO CECCALDI<br>THOMAS DE POURQUERY<br>JOSHUA REDMAN \/ BILLY HART<\/strong><br>LOT OF JAZZ<br>KARPATES SHOW<br>CLOPIN CLOPANT<br>DUO RELIGO<\/p>\n\n\n\n<p><mark class=\"kt-highlight\">2017<\/mark><br><strong>ROMAIN&nbsp;VUILLEMIN QUARTET<br>TONY HYMAS<br>DAS KAPITAL<br>PAUL LAY<br>AIRELLE BESSON<br>EMILE PARISIEN feat JOACHIM K\u00dbHN invite MICHEL PORTAL &amp; VINCENT PEIRANI<\/strong><br>GREG AGUILAR TRIO<br>SWINGTET<br>DE L&#8217;AUTRE C\u00d6T\u00c9 DU MUSETTE<br>JOVIAL GUIGUINCHE<br>LA NOUVELLE COLLECTION<br>FRETSWING<br><br><mark class=\"kt-highlight\">2016<\/mark><br><strong>WONDER BRASS BAND<br>J.L. FILLON &amp; D. ITHURSARRY &#8220;Obor\u00e9ades&#8221;<br>SONS OF KEMET<br>DAVE DOUGLAS &#8220;High Risk&#8221;<br>OMAR SOSA &amp; J&nbsp; SCHWARZ-BART &#8220;creole spirits&#8221;<\/strong><br>ROOM BAZAR<br>THE POCKET BBQ<br>KALA ETHNO GROOVE<br>ESTATE<br>RUE DES DEUX AMIS<br><br><mark class=\"kt-highlight\">2015<\/mark><br><strong>BLUEMARY SWING invite MICHEL HERBLIN<br>ISABELLE OLIVIER &amp; LISA CAT-BERRO<br>LE SWING MACHINE BIG BAND<br>SARA LAZARUS<br>THOMAS DE POURQUERY SUPERSONIC<br>JERRY LEONIDE<br>MOUTIN FACTORY QUARTET<br>THE KENNY GARRETT QUINTET<\/strong><br>LE MYSTERE DES ELEPHANTS<br>JAZZ&#8217; AZIMUT<br>KARIMA &amp; OLIVIER<br>LE GRAND N&#8217;DOLE<br>THE DOO WAP RDV<br><br><mark class=\"kt-highlight\">2014<\/mark><br><strong>LIGHT BLAZER<br>PHILIPPE LEOGE<br>FRANCESCO BEARZATTI (Monk&#8217;n&#8217;Roll)<br>THE BAD PLUS<br>YOUN SUN NAH QUARTET<\/strong><br>RED FISH<br>SAULIERE &#8211; MARSAN DUO<br>FRETSWING<br>DEMONSANT &#8211; DOUMERC DUO<br>THE DOO WAP RDV<\/p>\n\n\n\n<p><mark class=\"kt-highlight\">2013<\/mark><br><strong>LE TRIO D&#8217;EN BAS<br>DANIEL HUMAIR &#8220;Sweet &amp; Sour&#8221; QUARTET<br>RENAUD GARCIA FONS<br>MICHEL PORTAL &#8211; VINCENT PEIRANI<br>ROBERTO FONSECA<\/strong><br>ABDU SALIM<br>ULRIKE HAUSMANN<br>AD HOC<br>BLUEMARY SWING<br>SEB NECCA QUARTET<br>AFJ QUARTET<br>HAPPY FEET<br><br><mark class=\"kt-highlight\">2012<\/mark><br><strong>DUO DALTIN LABBE<br>SOWETO KINCH<br>JOACHIM K\u00dcHN &#8211; MAJID BEKKAS &#8211; RAMON LOPEZ<br>OMAR SOSA<br>PULCINELLA<\/strong><br>FDH TRIO<br>ENZO ROCCO &#8211; CARLO ACTIS DATO<br>DJACQUE LE NOTAIRE<br>FRESH JAZZ<br><br><mark class=\"kt-highlight\">2011<\/mark><br><strong>VOCAL COLORS<br>FRANCESCO BEARZATTI &#8220;X (suite for Malcolm)&#8221;<br>IBRAHIM MAALOUF<br>AVISHA\u00cf COHEN<\/strong><br>LA LANTERNE SOURDE<br>DOCTEUR PHONKK<br>AMAD QUARTET<br>GLOUPS<br>CORNEGIDOUILLE<br>BIBI LOUISON<br>LOCOSON<br>TON TON SALUT JAZZ UNIT<br>BLACK QUINTET<br><br><mark class=\"kt-highlight\">2010<\/mark><br><strong>NORTH GOSPEL QUARTET<br>NGUYEN LE &#8220;SAIYUKI&#8221;<br>DEE ALEXANDER QUARTET<br>TIGRAN HAMASYAN &#8216;ARATTA REBIRTH&#8221;<br>STEFANO BOLLANI<br>ENRICO RAVA QUARTET<\/strong><br>RUE DES 2 AMIS<br>LA LANTERNE SOURDE<br>LA FANFARE D&#8217;OCCASION<br>COLLECTIF TRIBAL<br>JAZZPOT&#8217;<br>PHATT SHINGLARR<br><br><mark class=\"kt-highlight\">2009<\/mark><br><strong>FRED LEWIN, RACHEL RATSIZAFY<br>SYLVAIN LUC, MEDERIC COLLIGNON<br>DIDIER LOCKWOOD, SYLVAIN LUC, IRA COLEMAN, KEYVAN &amp; BIJANE CHEMIRANI<br>ERIK TRUFFAZ pr\u00e9sente &#8220;B\u00e9nar\u00e8s&#8221; featuring MALCOLM BRAFF, APURBA &amp; INDRANI MUKHERJEE<\/strong><br>CRAZY JAZZ BAND<br>LE MYSTERE DES ELEPHANTS<br>COCKTAIL JAZZ QUINTET<br>LES EXPERTS<br>PHATT SHINGLARR<br><br><mark class=\"kt-highlight\">2008<\/mark><br><strong>PANAMANOUCHE<br>RENAUD GARCIA FONS TRIO<br>STEFANO DI BATTISTA QUARTET<br>CHARLES LLOYD in DUO with JASON MORAN<\/strong><br>CRAZY JAZZ BAND<br>ARISTO CATR<br>LE MYSTERE DES ELEPHANTS<br>LATIN BOP QUARTET<br>CURCUMA<br>SOULSHINE VOICES<br><br><mark class=\"kt-highlight\">2007<\/mark><br><strong>TOUCAS SOLO<br>DENIS COLIN TRIO invite GWEN MATTHEWS<br>E.S.T ESBJORN SVENSSON TRIO<br>RICHARD GALLIANO &#8220;TANGARIA QUINTET&#8221;<\/strong><br>BERNIC&#8217; JAZZ BAND<br>RUE DES 2 AMIS<br>GOSPEL GO<br>LATIN BOP QUARTET<br>PACIFIC JAZZ QUARTET<br>LUC LAINE, PASCAL LAMIGE<br>CIRQU&#8217;M\u00dc<br>THE SOUL TRAVELERS QUARTET<br><br><mark class=\"kt-highlight\">2006<\/mark><br><strong>JEANNE ADDED, RICCARDO DEL FRA<br>MINA AGOSSI TRIO<br>MICHEL PORTAL, LOUIS SCLAVIS QUINTET<br>ARCHIE SHEPP QUARTET &amp; DAR GNAWA OF TANGER<\/strong><br>BERTILLE FRETILLE<br>BARFLY JAZZ BAND<br>NICOLAS ET NICOLAS<br>CESAR SWING<br>L&#8217;ELEFANFARE<br>BY THE GOSPEL RIVER<br><br><mark class=\"kt-highlight\">2005<\/mark><br><strong>PIERRE OLIVIER GOVIN, GUILLAUME KERVEL<br>JEAN MARC PADOVANI, GILLES CHABENAT<br>&#8220;L&#8217;oeil du pharmacien&#8221; cin\u00e9 concert avec ALAIN GIBERT, ANDRE RICROS et le Quartet B\u00d6MEK<br>LA MARMITE INFERNALE rencontre LE NELSON MANDELA METROPOLITAN CHOIR<br>VIENNA ART ORCHESTRA &#8220;DUKE ELLINGTON&#8217;S SOUND OF LOVE&#8221;<\/strong><br>JAZZ IT<br>BERTILLE FRETILLE<br>JAZZSET<br>BERNIC&#8217; JAZZ BAND<br>TRIBAL POURSUITE<br>CIRQU&#8217;M\u00dc<br>BY THE GOSPEL RIVER<br><br><mark class=\"kt-highlight\">2004<\/mark><br><strong>GABOR GADO QUARTET special guest GABOR WINAND<br>ENRICO RAVA, FRANCO D\u2019ANDREA<br>PAOLO FRESU, DHAFER YOUSSEF<br>STEVE COLEMAN &amp; THE MYSTIC RHYTHM SOCIETY<\/strong><br>JAZZ CHAMBER ORCHESTRA<br>ARISTOFAN<br>NICOLAS ET NICOLAS<br>BERTILLE FRETILLE<br>JAZZ IT<br>CHORASON<br>PINK JAZZ ENSEMBLES<br>BARFLY JAZZ BAND<br>CARIBBEAN VOICES<br><br><mark class=\"kt-highlight\">2003<\/mark><br><strong>JULIEN LOURAU QUARTET \u201cTHE RISE\u201d<br>BIRELI LAGRENE \u201cGIPSY PROJECT\u201d<br>DAVID S.WARE QUARTET plays the Sonny Rollins\u2019 Freedom Suite<\/strong><br>HEAVENLY LIGHTS<br>JUBILEE<br>PHYL ET GILLES<br>PHILO<br>LITTLE BIG BAND<br>BAND A BIBI<br>MOJO BRASS BAND<br>CAKEPART<br>JAZZSET<br>THOMY AND CO<br><br><mark class=\"kt-highlight\">2002<\/mark><br><strong>ERIK TRUFFAZ \u201cLADYLAND\u201d QUARTET special guest MOUNIR TROUDI<br>CARLOS MAZA \u201cFIDELIDAD\u201d SEPTET<br>BAPTISTE TROTIGNON TRIO<br>ARCHIE SHEPP QUARTET featuring AMINA CLAUDINE MYERS<\/strong><br>SING TO GE\u2019THERE<br>LITTLE BIG BAND<br>JAZZOON<br>BAND A BIBI<br>KAMAROVA<br>BLACK CHANTILLY<br>ORCHESTRE REGIONAL DE JAZZ DU LIMOUSIN<br>JAZZ SET<br><br><mark class=\"kt-highlight\">2001<\/mark><br><strong>RABIH ABOU-KHALIL QUINTET<br>DAVID MURRAY M\u2019BIZO featuring THE WORLD SAXOPHONE QUARTET<br>JAMES CARTER\u2019S CHASIN\u2019THE GYPSY<br>CARIBBEAN VOICES<\/strong><br>BUENA VISTA SOUILLAC CLUB<br>MAGADIS<br>LES ASTIAOUS<br>BAND A BIBI<br>RAG MAMA RAG<br>FLORA ESTEL HOT PEPINO &amp; THE LITTLE BIG BAND<br>FIGEACADABOUM<br>KAMAROVA<br><br><mark class=\"kt-highlight\">2000<\/mark><br><strong>BOJAN Z. SOLO<br>AKOSH S. UNIT<br>BILL CARROTHERS TRIO<br>RANDY WESTON \u201cAFRICAN RHYTHMS\u201d QUARTET &amp; DAR GNAWA OF TANGER<br>CARIBBEAN VOICES<\/strong><br>LITTLE BIG BAND<br>MAGADIS<br>PISTONS FLINGUEURS<br>SAC A PULSES<br>JAZZ CHAMBER ORCHESTRA<br>JAZZ STAMPERS<br>JAZZ SET<br>JEAN-PIERRE DELPY<br>MICHEL MACIAS<br>PERE GUY FALCO<br><br><mark class=\"kt-highlight\">1999<\/mark><br>TRIO SCLAVIS, HUMAIR, CHEVILLON<br>ABBEY LINCOLN QUARTET<br>CARLA BLEY 4+4<br>LITTLE BIG BAND<br>SWEET MAMA<br>JAZZYSTOCHATS<br>LES ASTIAOUS<br>BLAISE ANELONE<br>LA POUBELLE POUR ALLER DANSER<br><br><mark class=\"kt-highlight\">1998<\/mark><br>STEVE LACY TRIO<br>RICHARD GALLIANO, MICHEL PORTAL<br>DIANNE REEVES QUINTET<br>LITTLE BIG BAND<br>JAZZ CHAMBER ORCHESTRA<br>FANFARE D&#8217;ASSIER<br>DUMOUSTIER STOMPERS<br>DEUX VOIX ET LE POUCE<br>FRERES JAZZ<br>PHILIPPE LEJEUNE TRIO<br><br><mark class=\"kt-highlight\">1997<\/mark><br>ALDO ROMANO &#8220;PALATINO&#8221; QUARTET<br>AHMAD JAMAL TRIO featuring OTHELLO MOLINEAU<br>JEANNE LEE, DOUDOU GOUIRAND, ALAIN JEAN-MARIE<br>THE PEACE ARTISTES<br>LITTLE BIG BAND<br>COP&#8217;S COPANS<br>BLACK BOTTOM JAZZ BAND<br>ARISTOFAN<br>PEANUT BUTTER<br><br><mark class=\"kt-highlight\">1996<\/mark><br>ROOTS ALL STARS<br>LESTER BOWIE&#8217;S BRASS AND STEEL<br>TRIO ROMANO, SCLAVIS, TEXIER<br>PAT GIRAUD JAZZ TRIO featuring DANIEL HUCK<br>THE PEACE ARTISTES<br>JAZZ CHAMBER ORCHESTRA<br>PIERRE YON AND FRIENDS<br>LITTLE BIG BAND<br>COP&#8217;S COPANS<br><br><mark class=\"kt-highlight\">1995<\/mark><br>JAMES CARTER QUARTET<br>DIDIER LOCKWOOD GROUP<br>WALLACE RONEY QUINTET<br>PHILIPPE DUCHEMIN TRIO<br>HARLEM RHYTHM BAND<br>JAZZ CHAMBER ORCHESTRA<br>ARISTOFAN NEW SEXTET<br>LITTLE BIG BAND<br>JEAN-CHARLES CAPON, PIERRE GIROT DUO<br><br><mark class=\"kt-highlight\">1994<\/mark><br>HANK JONES TRIO<br>ORCHESTRE NATIONAL DE JAZZ<br>BETTY CARTER AND HER TRIO<br>SAC A PULSES<br>ALAIN BARRABES<br>EUPHORIC JAZZ QUINTET<br>JAZZ CHAMBER ORCHESTRA<br>JAZZ SET<br><br><mark class=\"kt-highlight\">1993<\/mark><br>HENRI TEXIER &#8220;AZUR&#8221; QUARTET<br>CARLOS MAZA SOLO<br>MICHEL PORTAL UNIT special guest RICHARD GALLIANO<br>ROY HAYNES QUARTET<br>LOUIS MAZETIER<br>ARISTOFAN NEW SEXTET<br>JAZZ SET<br>PEPPER SALT AND SUGAR<br><br><mark class=\"kt-highlight\">1992<\/mark><br>JOACHIM K\u00dcHN, DANIEL HUMAIR, JEAN-FRANCOIS JENNY-CLARK<br>RANEE LEE SEXTET<br>PHIL WOODS QUINTET<br>THE GLORY HOGS<br>CALAMITY JAZZ<br>CHOEUR &#8220;ARTIE SHAW&#8221;<br>FRANCOISE GUERLIN<br>ARISTOFAN NEW SEXTET<br><br><mark class=\"kt-highlight\">1991<\/mark><br>JIMMY GOURLEY TRIO special guest BARNEY WILEN<br>MARIAN PETRESCU SOLO<br>ELVIN JONES QUINTET<br>GREGG HUNTER AND THE GOSPEL REVELATIONS<br>CAROL LEIGH AND THE DUMOUSTIER STOMPERS<br>MADEMOISELLE SWING QUARTET<br>DEMAIN J&#8217;ARRETE<br>ARISTOFAN NEW SEXTET<br><br><mark class=\"kt-highlight\">1990<\/mark><br>QUEST<br>JEAN-MARIE MACHADO TRIO<br>ERIC BARRET QUARTET<br>DEE DEE BRIDGEWATER QUARTET<br>PIGMEAT<br>OPEN JAZZ UNIT<br>LUCKY ARNOULD<br>IMPULSION JAZZ QUARTET<br>JAZZ SET<br><br><mark class=\"kt-highlight\">1989<\/mark><br>THE HARPER BROTHERS<br>MICHEL PETRUCCIANI TRIO<br>EDDY LOUISS MULTICOLOR FEELING<br>JAZZ SET<br>DEMAIN J&#8217;ARRETE<br>MISSISSIPPI JAZZ BAND<br><br><mark class=\"kt-highlight\">1988<\/mark><br>GEORGE ADAMS, DON PULLEN QUARTET<br>MARTIAL SOLAL SOLO<br>CESARIUS ALVIM QUARTET<br>ART BLAKEY AND THE JAZZ MESSENGERS<br>ARISTOFAN NEW SEXTET<br>BLACK AND WHITE QUARTET<br><br><mark class=\"kt-highlight\">1987<\/mark><br>CHRISTIAN ESCOUDE QUARTET<br>EDDY LOUISS QUARTET<br>JOHNNY GRIFFIN, SLIDE HAMPTON QUINTET<br>CONTREBAND<br>RENAULT, ROUSSEAUX QUINTET<br>DEMAIN J&#8217;ARRETE<br>BIG BAND DES COLLEGES ET LYCEES<br>PALANTIRI GROUP<br><br><mark class=\"kt-highlight\">1986<\/mark><br>GERARD POMPOUGNAC QUINTET<br>TOM CAT<br>JEAN-CLAUDE FOHRENBACH, PIERRE GIROT QUINTET<br>ROGER GUERIN BIG BAND<br>ELIZABETH CAUMONT QUINTET<br>JIMMY WOODE TRIO special guest BENNY BAILEY<br>FRANCK JACCARD<br>CONTREBAND<br>TOM CAT<br>SWEET MARY CAT<br><br><mark class=\"kt-highlight\">1985<\/mark><br>MARCEL ZANINI TRIO<br>CLAUDE TISSENDIER SEXTET<br>ORNICAR BIG BAND<br>JEAN-CHARLES CAPON SOLO<br>FRANCOIS BIENSAN QUARTET<br>MONTY ALEXANDER TRIO<br>BOB SELLER TRIO ET MARIE-ANGE PASTEL<br>SWEET MARY CAT<br>CAP&#8217;TAIN FLAPSCAT<br>BOBINO BRASS BAND<br>TING A LING<br>BAC BES<br><br><mark class=\"kt-highlight\">1984<\/mark><br>GEORGES ARVANITAS TRIO special guest ERIC BARRET<br>ANDRE VILLEGER QUARTET<br>CLARK TERRY, CHRIS WOODS QUINTET<br>FLEUR DE LUNE<br>JAZZ LOT ORCHESTRA (ateliers stage)<br>TRIO FRERES SWING<br>BLACK BOTTOM JAZZ BAND<br>ARISTOFAN NEW SEXTET<br>BOBINO BRASS BAND<br>CAP&#8217;TAIN FLAPSCAT<br>SWEET MARY CAT<br>PATATRA DRUMS<br><br><mark class=\"kt-highlight\">1983<\/mark><br>LES HARICOTS ROUGES<br>CLAUDE GUILHOT, MICHEL ROQUES QUINTET<br>RAY BRYANT TRIO specials guests HARRY &#8220;Sweets&#8221; EDISON, BUDDY TATE<br>ARISTOFAN NEW SEXTET<br>FLEUR DE LUNE<br>JAZZIMUT<br>SWING MACHINE BIG BAND<br>LAZZY JAZZ BAND<br>PATATRA DRUMS<br>COUSTILLAS, DELPRAT DUO<br>BIRATELLE, SAUDRAIS DUO<br>BLACK BOTTOM JAZZ BAND<br>QUINTET DU LANGUEDOC<br><br><mark class=\"kt-highlight\">1982<\/mark><br>SWING MACHINE BIG BAND<br>ANDRE PERSIANY TRIO specials guests GUY LAFITTE, &#8220;Wild&#8221; BILL DAVIS<br>CLARK TERRY SEPTET<br>DRUM&#8217;S SCHOOL JEAN-MARC LAJUDIE<br>ARISTOFAN NEW SEXTET<br>SWING MACHINE BIG BAND<br><br><mark class=\"kt-highlight\">1981<\/mark><br>BERNARD BIGEARDEL SEXTET special guest CLAUDE TISSENDIER<br>FRANCOIS BIENSAN SEPTET special guest BENNY WATERS<br>DEXTER GORDON QUARTET special guest ART FARMER<br>BLACK BOTTOM JAZZ BAND<br><br><mark class=\"kt-highlight\">1980<\/mark><br>THE NEW JAZZ FIVE<br>HOT D&#8217;OC<br>PANAMA FRANCIS AND HIS SAVOY SULTANS special guest CARRIE SMITH<br>HOT D&#8217;OC<br><br><mark class=\"kt-highlight\">1979<\/mark><br>HAL SINGER QUINTET<br>MARC LAFERRIERE DIXIELAND JAZZ BAND<br>ILLINOIS JACQUET QUINTET<br>PAU BIG BAND<br><br><mark class=\"kt-highlight\">1978<\/mark><br>ROGER GUERIN QUARTET<br>KENNY CLARKE TRIO<br>CLAUDE BOLLING BIG BAND<br>OCCILAND JAZZ BAND<br><br><mark class=\"kt-highlight\">1977<\/mark><br>CLAUDE GUILHOT, MARC FOSSET QUARTET<br>THE JAZZ FIVE<br>THE STARS OF FAITH<br>NEW ORLEANS JAZZ BAND<br><br><mark class=\"kt-highlight\">1976<br><\/mark>MICHEL ATTENOUX SEXTET<br>MEMPHIS SLIM<br>MARIE KNIGHT DUO<br>SWING MACHINE BIG BAND<br>OLD TIME JAZZ BAND<\/p>\n","protected":false},"excerpt":{"rendered":"<p>ce sont plus de 200 artistes ou groupes d&#8217;artistes dans le IN et 250 dans le OFF qui<\/p>\n","protected":false},"author":2,"featured_media":2727,"parent":0,"menu_order":0,"comment_status":"closed","ping_status":"closed","template":"","meta":{"om_disable_all_campaigns":false,"cybocfi_hide_featured_image":"yes","_vp_format_video_url":"","_vp_image_focal_point":[],"footnotes":""},"class_list":["post-3218","page","type-page","status-publish","has-post-thumbnail","hentry"],"_links":{"self":[{"href":"https:\/\/www.souillacenjazz.fr\/new\/wp-json\/wp\/v2\/pages\/3218","targetHints":{"allow":["GET"]}}],"collection":[{"href":"https:\/\/www.souillacenjazz.fr\/new\/wp-json\/wp\/v2\/pages"}],"about":[{"href":"https:\/\/www.souillacenjazz.fr\/new\/wp-json\/wp\/v2\/types\/page"}],"author":[{"embeddable":true,"href":"https:\/\/www.souillacenjazz.fr\/new\/wp-json\/wp\/v2\/users\/2"}],"replies":[{"embeddable":true,"href":"https:\/\/www.souillacenjazz.fr\/new\/wp-json\/wp\/v2\/comments?post=3218"}],"version-history":[{"count":12,"href":"https:\/\/www.souillacenjazz.fr\/new\/wp-json\/wp\/v2\/pages\/3218\/revisions"}],"predecessor-version":[{"id":5452,"href":"https:\/\/www.souillacenjazz.fr\/new\/wp-json\/wp\/v2\/pages\/3218\/revisions\/5452"}],"wp:featuredmedia":[{"embeddable":true,"href":"https:\/\/www.souillacenjazz.fr\/new\/wp-json\/wp\/v2\/media\/2727"}],"wp:attachment":[{"href":"https:\/\/www.souillacenjazz.fr\/new\/wp-json\/wp\/v2\/media?parent=3218"}],"curies":[{"name":"wp","href":"https:\/\/api.w.org\/{rel}","templated":true}]}}