{"id":3080,"date":"2022-12-02T14:23:01","date_gmt":"2022-12-02T13:23:01","guid":{"rendered":"https:\/\/www.souillacenjazz.fr\/new\/?page_id=3080"},"modified":"2024-02-01T15:23:19","modified_gmt":"2024-02-01T14:23:19","slug":"mecenat","status":"publish","type":"page","link":"https:\/\/www.souillacenjazz.fr\/new\/autour-du-festival\/mecenat\/","title":{"rendered":"M\u00e9c\u00e9nat"},"content":{"rendered":"\n<div class=\"wp-block-columns is-layout-flex wp-container-core-columns-is-layout-9d6595d7 wp-block-columns-is-layout-flex\">\n<div class=\"wp-block-column is-layout-flow wp-block-column-is-layout-flow\" style=\"flex-basis:100%\">\n<figure class=\"wp-block-gallery alignfull has-nested-images columns-default is-cropped wp-block-gallery-1 is-layout-flex wp-block-gallery-is-layout-flex\">\n<figure class=\"wp-block-image size-full is-style-default\"><img loading=\"lazy\" decoding=\"async\" width=\"415\" height=\"406\" data-id=\"4736\" src=\"https:\/\/www.souillacenjazz.fr\/new\/wp-content\/uploads\/2024\/02\/mecenat0.jpg\" alt=\"\" class=\"wp-image-4736\" srcset=\"https:\/\/www.souillacenjazz.fr\/new\/wp-content\/uploads\/2024\/02\/mecenat0.jpg 415w, https:\/\/www.souillacenjazz.fr\/new\/wp-content\/uploads\/2024\/02\/mecenat0-300x293.jpg 300w\" sizes=\"auto, (max-width: 415px) 100vw, 415px\" \/><\/figure>\n<\/figure>\n<\/div>\n<\/div>\n\n\n\n<h2 class=\"wp-block-heading\"><strong>LE M\u00c9C\u00c9NAT, VOUS CONNAISSEZ ?<\/strong><\/h2>\n\n\n\n<div class=\"wp-block-group\"><div class=\"wp-block-group__inner-container is-layout-flow wp-block-group-is-layout-flow\">\n<p><strong>Le m\u00e9c\u00e9nat est un don.<\/strong> Cet engagement peut \u00eatre r\u00e9alis\u00e9 en argent, en nature (don de produits) ou en comp\u00e9tences.<\/p>\n\n\n\n<p><strong>Le m\u00e9c\u00e9nat permet des d\u00e9ductions fiscales.<\/strong><\/p>\n\n\n\n<p><strong>De la part du donateur le m\u00e9c\u00e9nat est <\/strong><strong>un acte \u00e0 titre gratuit. <\/strong><strong>N\u00e9anmoins pour permettre aux b\u00e9n\u00e9ficiaires de remercier leurs donateurs et pour l\u00e9gitimer le m\u00e9c\u00e9nat au regard de l\u2019int\u00e9r\u00eat social de l\u2019entreprise, l\u2019administration fiscale a admis l\u2019existence de<\/strong><strong> contreparties \u00e0 hauteur de 25% du montant du don.<br><\/strong><\/p>\n\n\n\n<p><strong>Pour les entreprises<\/strong>, les versements <strong>ouvrent droit \u00e0 une<\/strong><strong> r\u00e9duction d\u2019imp\u00f4t \u00e9gale \u00e0 60%<\/strong> de leur montant dans la limite de 0,5% du chiffre d\u2019affaires hors taxes de l\u2019entreprise donatrice.<\/p>\n\n\n\n<figure class=\"wp-block-table is-style-regular has-small-font-size\"><table><tbody><tr><td>Don<\/td><td>D\u00e9duction fiscale<\/td><td>Contreparties : 25 % du don<\/td><\/tr><tr><td>100 \u20ac<\/td><td>60 \u20ac<\/td><td><strong>1<\/strong> place offerte pour le concert du jeudi<\/td><\/tr><tr><td>200 \u20ac<\/td><td>120 \u20ac<\/td><td><strong>2<\/strong> places offertes pour le concert du jeudi <\/td><\/tr><tr><td>300 \u20ac<\/td><td>180 \u20ac<\/td><td>3 places offertes pour le concert du jeudi<\/td><\/tr><tr><td>. . .<\/td><td>&nbsp;<\/td><td>&nbsp;<\/td><\/tr><tr><td>1&nbsp;000 \u20ac  et +<\/td><td>600 \u20ac  et +<\/td><td>nous consulter<\/td><\/tr><\/tbody><\/table><\/figure>\n\n\n\n<p><strong>Pour les particuliers<\/strong><strong>,<\/strong> les versements <strong>ouvrent droit \u00e0 une r\u00e9duction d\u2019imp\u00f4t \u00e9gale \u00e0 66%<\/strong> dans la limite de 20% du revenu imposable du m\u00e9c\u00e8ne.<\/p>\n\n\n\n<figure class=\"wp-block-table is-style-regular has-small-font-size\"><table><tbody><tr><td>Don<\/td><td>D\u00e9duction fiscale<\/td><td>Contreparties : 25 % du don<\/td><\/tr><tr><td>100 \u20ac<\/td><td>66 \u20ac<\/td><td><strong>1<\/strong> place offerte pour le concert du jeudi<\/td><\/tr><tr><td>200 \u20ac<\/td><td>132 \u20ac<\/td><td><strong>2<\/strong> places offertes pour le concert du jeudi<\/td><\/tr><tr><td>300 \u20ac<\/td><td>198 \u20ac<\/td><td>3 places offertes pour le concert du jeudi<\/td><\/tr><tr><td>. . .<\/td><td>&nbsp;<\/td><td>&nbsp;<\/td><\/tr><tr><td>1&nbsp;000 \u20ac  et +<\/td><td>660 \u20ac  et +<\/td><td>nous consulter<\/td><\/tr><\/tbody><\/table><\/figure>\n\n\n\n<p><strong>VOUS \u00caTES INT\u00c9RESS\u00c9 POUR DEVENIR M\u00c9C\u00c8NE ?<\/strong><\/p>\n\n\n\n<p>Envoyez le <strong><a href=\"http:\/\/www.souillacenjazz.fr\/new\/wp-content\/uploads\/2024\/01\/coupon-reponse.pdf\" target=\"_blank\" rel=\"noreferrer noopener\">coupon rempli<\/a><\/strong> ainsi que votre don par ch\u00e8que \u00e0 l\u2019ordre de Souillac en Jazz \u00e0 l\u2019adresse suivante :<br><strong>Souillac en Jazz<\/strong> &#8211; <strong>BP 10016 \u2013 46200 SOUILLAC<\/strong><\/p>\n<\/div><\/div>\n","protected":false},"excerpt":{"rendered":"<p>LE M\u00c9C\u00c9NAT, VOUS CONNAISSEZ ? Le m\u00e9c\u00e9nat est un don. Cet engagement peut \u00eatre r\u00e9alis\u00e9 en argent, en<\/p>\n","protected":false},"author":2,"featured_media":4741,"parent":730,"menu_order":0,"comment_status":"closed","ping_status":"closed","template":"","meta":{"om_disable_all_campaigns":false,"cybocfi_hide_featured_image":"","_vp_format_video_url":"","_vp_image_focal_point":[],"footnotes":""},"class_list":["post-3080","page","type-page","status-publish","has-post-thumbnail","hentry"],"_links":{"self":[{"href":"https:\/\/www.souillacenjazz.fr\/new\/wp-json\/wp\/v2\/pages\/3080","targetHints":{"allow":["GET"]}}],"collection":[{"href":"https:\/\/www.souillacenjazz.fr\/new\/wp-json\/wp\/v2\/pages"}],"about":[{"href":"https:\/\/www.souillacenjazz.fr\/new\/wp-json\/wp\/v2\/types\/page"}],"author":[{"embeddable":true,"href":"https:\/\/www.souillacenjazz.fr\/new\/wp-json\/wp\/v2\/users\/2"}],"replies":[{"embeddable":true,"href":"https:\/\/www.souillacenjazz.fr\/new\/wp-json\/wp\/v2\/comments?post=3080"}],"version-history":[{"count":9,"href":"https:\/\/www.souillacenjazz.fr\/new\/wp-json\/wp\/v2\/pages\/3080\/revisions"}],"predecessor-version":[{"id":4740,"href":"https:\/\/www.souillacenjazz.fr\/new\/wp-json\/wp\/v2\/pages\/3080\/revisions\/4740"}],"up":[{"embeddable":true,"href":"https:\/\/www.souillacenjazz.fr\/new\/wp-json\/wp\/v2\/pages\/730"}],"wp:featuredmedia":[{"embeddable":true,"href":"https:\/\/www.souillacenjazz.fr\/new\/wp-json\/wp\/v2\/media\/4741"}],"wp:attachment":[{"href":"https:\/\/www.souillacenjazz.fr\/new\/wp-json\/wp\/v2\/media?parent=3080"}],"curies":[{"name":"wp","href":"https:\/\/api.w.org\/{rel}","templated":true}]}}