{"id":2503,"date":"2022-04-25T19:59:34","date_gmt":"2022-04-25T17:59:34","guid":{"rendered":"https:\/\/www.souillacenjazz.fr\/new\/?page_id=2503"},"modified":"2025-07-29T15:08:32","modified_gmt":"2025-07-29T13:08:32","slug":"par-courrier-a-partir-du-1er-mai","status":"publish","type":"page","link":"https:\/\/www.souillacenjazz.fr\/new\/autres-points-de-vente\/points-de-vente\/par-courrier-a-partir-du-1er-mai\/","title":{"rendered":"Par courrier \u00e0 partir du 1er mai"},"content":{"rendered":"\n<figure class=\"wp-block-kadence-image kb-image_993171-fe size-full\"><img loading=\"lazy\" decoding=\"async\" width=\"256\" height=\"256\" src=\"http:\/\/www.souillacenjazz.fr\/new\/wp-content\/uploads\/2022\/04\/1435224798-6281.jpg\" alt=\"\" class=\"kb-img wp-image-2504\" srcset=\"https:\/\/www.souillacenjazz.fr\/new\/wp-content\/uploads\/2022\/04\/1435224798-6281.jpg 256w, https:\/\/www.souillacenjazz.fr\/new\/wp-content\/uploads\/2022\/04\/1435224798-6281-150x150.jpg 150w\" sizes=\"auto, (max-width: 256px) 100vw, 256px\" \/><\/figure>\n\n\n\n<p class=\"has-luminous-vivid-orange-color has-text-color has-link-color has-medium-font-size wp-elements-15db95d871892a279c8c03a6061d1749\"><em>T\u00e9l\u00e9charger et compl\u00e9ter le bon joint<\/em> &#8211;> <strong>Bon de commande<\/strong><\/p>\n\n\n\n<p><strong>Envoyer \u00e0 l&#8217;adresse :  Souillac en Jazz &#8211; BP 10016 &#8211; 46200 Souillac<br>Joindre une enveloppe timbr\u00e9e. <\/strong><\/p>\n\n\n<style id=\"kb-spacer_05511b-17\">.kt-block-spacer-_05511b-17 .kt-divider{width:80%;}<\/style>\n<div class=\"wp-block-kadence-spacer aligncenter kt-block-spacer-_05511b-17\"><div class=\"kt-block-spacer kt-block-spacer-halign-center\"><hr class=\"kt-divider\"\/><\/div><\/div>\n","protected":false},"excerpt":{"rendered":"<p>T\u00e9l\u00e9charger et compl\u00e9ter le bon joint &#8211;> Bon de commande Envoyer \u00e0 l&#8217;adresse : Souillac en Jazz &#8211;<\/p>\n","protected":false},"author":1,"featured_media":2504,"parent":2501,"menu_order":0,"comment_status":"closed","ping_status":"closed","template":"","meta":{"om_disable_all_campaigns":false,"cybocfi_hide_featured_image":"","_vp_format_video_url":"","_vp_image_focal_point":[],"footnotes":""},"class_list":["post-2503","page","type-page","status-publish","has-post-thumbnail","hentry"],"_links":{"self":[{"href":"https:\/\/www.souillacenjazz.fr\/new\/wp-json\/wp\/v2\/pages\/2503","targetHints":{"allow":["GET"]}}],"collection":[{"href":"https:\/\/www.souillacenjazz.fr\/new\/wp-json\/wp\/v2\/pages"}],"about":[{"href":"https:\/\/www.souillacenjazz.fr\/new\/wp-json\/wp\/v2\/types\/page"}],"author":[{"embeddable":true,"href":"https:\/\/www.souillacenjazz.fr\/new\/wp-json\/wp\/v2\/users\/1"}],"replies":[{"embeddable":true,"href":"https:\/\/www.souillacenjazz.fr\/new\/wp-json\/wp\/v2\/comments?post=2503"}],"version-history":[{"count":17,"href":"https:\/\/www.souillacenjazz.fr\/new\/wp-json\/wp\/v2\/pages\/2503\/revisions"}],"predecessor-version":[{"id":5439,"href":"https:\/\/www.souillacenjazz.fr\/new\/wp-json\/wp\/v2\/pages\/2503\/revisions\/5439"}],"up":[{"embeddable":true,"href":"https:\/\/www.souillacenjazz.fr\/new\/wp-json\/wp\/v2\/pages\/2501"}],"wp:featuredmedia":[{"embeddable":true,"href":"https:\/\/www.souillacenjazz.fr\/new\/wp-json\/wp\/v2\/media\/2504"}],"wp:attachment":[{"href":"https:\/\/www.souillacenjazz.fr\/new\/wp-json\/wp\/v2\/media?parent=2503"}],"curies":[{"name":"wp","href":"https:\/\/api.w.org\/{rel}","templated":true}]}}