{"id":2144,"date":"2022-04-11T21:26:38","date_gmt":"2022-04-11T19:26:38","guid":{"rendered":"https:\/\/www.souillacenjazz.fr\/new\/?page_id=2144"},"modified":"2022-04-11T21:26:39","modified_gmt":"2022-04-11T19:26:39","slug":"mentions-legales","status":"publish","type":"page","link":"https:\/\/www.souillacenjazz.fr\/new\/mentions-legales\/","title":{"rendered":"Mentions l\u00e9gales"},"content":{"rendered":"\n<h2 class=\"wp-block-heading\">Propri\u00e9taire du site<\/h2>\n\n\n\n<p>ASSOCIATION POUR LE FESTIVAL DE JAZZ \u00ab SIM COPANS \u00bb DE SOUILLAC<br>Office de Tourisme Vall\u00e9e de la Dordogne<br>Boulevard Louis Jean Malvy<br>46200 Souillac<br><br>t\u00e9l. 06 87 57 69 92<br>Directeur de la publication : Robert Peyrillou, Pr\u00e9sident <\/p>\n\n\n\n<h2 class=\"wp-block-heading\">D\u00e9veloppement du site internet<\/h2>\n\n\n\n<p>Cyril MARTON pour Acide Design<br>12, place Jean-Marie Dauzier<br>19100 Brive-la-Gaillarde \u2013 France<\/p>\n\n\n\n<h2 class=\"wp-block-heading\">H\u00e9bergement<\/h2>\n\n\n\n<p>L\u2019h\u00e9bergement de www.souillacenjazz.fr est assur\u00e9 par OVH<br>Utilisation des cookies<\/p>\n\n\n\n<p>L\u2019utilisateur est inform\u00e9 que lors de ses visites sur le site www.souillacenjazz.fr, un cookie peut s\u2019installer automatiquement sur son logiciel de navigation.<\/p>\n\n\n\n<p>Un cookie est un bloc de donn\u00e9es qui ne permet pas d\u2019identifier les utilisateurs mais sert \u00e0 enregistrer des informations relatives \u00e0 la navigation de celui-ci sur le site et ainsi permettre des mesures de fr\u00e9quentation par l\u2019interm\u00e9diaire de l\u2019application Google Analytics.<\/p>\n\n\n\n<p>Vous pouvez d\u00e9sactiver les cookies sur ce site et sur d\u2019autres, le moyen le plus efficace consiste \u00e0 d\u00e9sactiver les cookies dans votre navigateur.<\/p>\n\n\n\n<ul class=\"wp-block-list\"><li>Firefox<\/li><li>Chrome<\/li><li>Safari<\/li><\/ul>\n\n\n\n<h2 class=\"wp-block-heading\">D\u00e9claration CNIL<\/h2>\n\n\n\n<p>Conform\u00e9ment \u00e0 la loi 78-17 du 6 janvier 1978 relative \u00e0 l\u2019informatique, aux fichiers et aux libert\u00e9s, le traitement des donn\u00e9es nominatives r\u00e9alis\u00e9 \u00e0 partir du site Souillac en Jazz a fait l\u2019objet d\u2019une d\u00e9claration aupr\u00e8s de la Commission nationale de l\u2019informatique et des libert\u00e9s (CNIL).<\/p>\n\n\n\n<p>Rectification des informations nominatives collect\u00e9es<\/p>\n\n\n\n<p>Toute personne justifiant de son identit\u00e9 a un droit d\u2019acc\u00e8s et de rectification aux informations nominatives le concernant contenues dans les fichiers informatis\u00e9s de Souillac en Jazz. Ce droit d\u2019acc\u00e8s et de rectification peut \u00eatre exerc\u00e9 par courrier \u00e9lectronique \u00e0 l\u2019adresse suivante : <a href=\"mailto:robert.peyrillou@souillacenjazz.fr\">robert.peyrillou@souillacenjazz.fr<\/a> ou par courrier postal \u00e0 l\u2019adresse : Office de Tourisme Vall\u00e9e de la Dordogne &#8211; Boulevard Louis Jean Malvy &#8211; 46200 Souillac<\/p>\n\n\n\n<h2 class=\"wp-block-heading\">Droits d\u2019auteur<\/h2>\n\n\n\n<p>La totalit\u00e9 des \u00e9l\u00e9ments du site, notamment les textes, pr\u00e9sentations, illustrations, photographies, arborescences et mises en forme sont, sauf documents publics et pr\u00e9cisions compl\u00e9mentaires, la propri\u00e9t\u00e9 intellectuelle exclusive de Souillac en Jazz ou de ses partenaires.<br>En outre, Souillac en Jazz, en tant que producteur des bases de donn\u00e9es en consultation sur son site, et conform\u00e9ment aux dispositions de la Loi du 1er juillet 1998 sur la Propri\u00e9t\u00e9 intellectuelle relatives \u00e0 la protection juridique des bases de donn\u00e9es, interdit l\u2019extraction totale ou partielle du contenu de ses bases de donn\u00e9es sur un autre support, par tout moyen et sous toute forme que ce soit, ainsi que leur r\u00e9utilisation, quelle qu\u2019en soit la forme, par la mise \u00e0 disposition du public de la totalit\u00e9 ou d\u2019une partie substantielle de ce contenu. De m\u00eame il interdit toute extraction abusive d\u2019une partie non substantielle de ce contenu.<br>(Loi n\u00b098-536, art. L.341.1, L.341.2, L.342.1, L.342.2, L.342.3)<\/p>\n\n\n\n<p>La pr\u00e9sence de liens hypertexte vers d\u2019autres sites web n\u2019engage pas Souillac en Jazz au contenu de ces sites.<\/p>\n","protected":false},"excerpt":{"rendered":"<p>Propri\u00e9taire du site ASSOCIATION POUR LE FESTIVAL DE JAZZ \u00ab SIM COPANS \u00bb DE SOUILLACOffice de Tourisme Vall\u00e9e<\/p>\n","protected":false},"author":1,"featured_media":0,"parent":0,"menu_order":0,"comment_status":"closed","ping_status":"closed","template":"","meta":{"om_disable_all_campaigns":false,"cybocfi_hide_featured_image":"","_vp_format_video_url":"","_vp_image_focal_point":[],"footnotes":""},"class_list":["post-2144","page","type-page","status-publish","hentry"],"_links":{"self":[{"href":"https:\/\/www.souillacenjazz.fr\/new\/wp-json\/wp\/v2\/pages\/2144","targetHints":{"allow":["GET"]}}],"collection":[{"href":"https:\/\/www.souillacenjazz.fr\/new\/wp-json\/wp\/v2\/pages"}],"about":[{"href":"https:\/\/www.souillacenjazz.fr\/new\/wp-json\/wp\/v2\/types\/page"}],"author":[{"embeddable":true,"href":"https:\/\/www.souillacenjazz.fr\/new\/wp-json\/wp\/v2\/users\/1"}],"replies":[{"embeddable":true,"href":"https:\/\/www.souillacenjazz.fr\/new\/wp-json\/wp\/v2\/comments?post=2144"}],"version-history":[{"count":1,"href":"https:\/\/www.souillacenjazz.fr\/new\/wp-json\/wp\/v2\/pages\/2144\/revisions"}],"predecessor-version":[{"id":2145,"href":"https:\/\/www.souillacenjazz.fr\/new\/wp-json\/wp\/v2\/pages\/2144\/revisions\/2145"}],"wp:attachment":[{"href":"https:\/\/www.souillacenjazz.fr\/new\/wp-json\/wp\/v2\/media?parent=2144"}],"curies":[{"name":"wp","href":"https:\/\/api.w.org\/{rel}","templated":true}]}}