{"id":1930,"date":"2022-04-07T01:09:47","date_gmt":"2022-04-06T23:09:47","guid":{"rendered":"https:\/\/www.souillacenjazz.fr\/new\/?page_id=1930"},"modified":"2022-04-07T01:12:05","modified_gmt":"2022-04-06T23:12:05","slug":"accreditation-photographes","status":"publish","type":"page","link":"https:\/\/www.souillacenjazz.fr\/new\/contacts\/accreditation-photographes\/","title":{"rendered":"Accr\u00e9ditation photographes"},"content":{"rendered":"\n<p>Merci d&#8217;adresser un mail accompagn\u00e9 d&#8217;un press book \u00e0 Robert Peyrillou.<br>Accr\u00e9ditation possible selon disponibilit\u00e9 et accord musiciens dans certains cas<\/p>\n\n\n\n<div class=\"wp-block-image\"><figure class=\"alignleft size-full\"><a href=\"https:\/\/www.souillacenjazz.fr\/new\/wp-content\/uploads\/2022\/04\/1328181875.jpg\"><img loading=\"lazy\" decoding=\"async\" width=\"1024\" height=\"740\" src=\"https:\/\/www.souillacenjazz.fr\/new\/wp-content\/uploads\/2022\/04\/1328181875.jpg\" alt=\"Michel Petrucciani et Eddy Louiss \npar Bernard Delfraissy Souillac 1989\" class=\"wp-image-1931\" srcset=\"https:\/\/www.souillacenjazz.fr\/new\/wp-content\/uploads\/2022\/04\/1328181875.jpg 1024w, https:\/\/www.souillacenjazz.fr\/new\/wp-content\/uploads\/2022\/04\/1328181875-300x217.jpg 300w, https:\/\/www.souillacenjazz.fr\/new\/wp-content\/uploads\/2022\/04\/1328181875-768x555.jpg 768w, https:\/\/www.souillacenjazz.fr\/new\/wp-content\/uploads\/2022\/04\/1328181875-500x361.jpg 500w, https:\/\/www.souillacenjazz.fr\/new\/wp-content\/uploads\/2022\/04\/1328181875-800x578.jpg 800w\" sizes=\"auto, (max-width: 1024px) 100vw, 1024px\" \/><\/a><\/figure><\/div>\n\n\n\n<p><strong>par mail<\/strong><br>robert.peyrillou@souillacenjazz.fr<\/p>\n\n\n\n<p><em>Photo ci-jointe Michel Petrucciani et Eddy Louiss <br>par Bernard Delfraissy Souillac 1989<\/em><\/p>\n","protected":false},"excerpt":{"rendered":"<p>Merci d&#8217;adresser un mail accompagn\u00e9 d&#8217;un press book \u00e0 Robert Peyrillou.Accr\u00e9ditation possible selon disponibilit\u00e9 et accord musiciens dans<\/p>\n","protected":false},"author":1,"featured_media":1931,"parent":1905,"menu_order":0,"comment_status":"closed","ping_status":"closed","template":"","meta":{"om_disable_all_campaigns":false,"cybocfi_hide_featured_image":"","_vp_format_video_url":"","_vp_image_focal_point":[],"footnotes":""},"class_list":["post-1930","page","type-page","status-publish","has-post-thumbnail","hentry"],"_links":{"self":[{"href":"https:\/\/www.souillacenjazz.fr\/new\/wp-json\/wp\/v2\/pages\/1930","targetHints":{"allow":["GET"]}}],"collection":[{"href":"https:\/\/www.souillacenjazz.fr\/new\/wp-json\/wp\/v2\/pages"}],"about":[{"href":"https:\/\/www.souillacenjazz.fr\/new\/wp-json\/wp\/v2\/types\/page"}],"author":[{"embeddable":true,"href":"https:\/\/www.souillacenjazz.fr\/new\/wp-json\/wp\/v2\/users\/1"}],"replies":[{"embeddable":true,"href":"https:\/\/www.souillacenjazz.fr\/new\/wp-json\/wp\/v2\/comments?post=1930"}],"version-history":[{"count":3,"href":"https:\/\/www.souillacenjazz.fr\/new\/wp-json\/wp\/v2\/pages\/1930\/revisions"}],"predecessor-version":[{"id":1937,"href":"https:\/\/www.souillacenjazz.fr\/new\/wp-json\/wp\/v2\/pages\/1930\/revisions\/1937"}],"up":[{"embeddable":true,"href":"https:\/\/www.souillacenjazz.fr\/new\/wp-json\/wp\/v2\/pages\/1905"}],"wp:featuredmedia":[{"embeddable":true,"href":"https:\/\/www.souillacenjazz.fr\/new\/wp-json\/wp\/v2\/media\/1931"}],"wp:attachment":[{"href":"https:\/\/www.souillacenjazz.fr\/new\/wp-json\/wp\/v2\/media?parent=1930"}],"curies":[{"name":"wp","href":"https:\/\/api.w.org\/{rel}","templated":true}]}}